{"id":168948,"date":"2022-05-12T18:21:11","date_gmt":"2022-05-12T23:21:11","guid":{"rendered":"https:\/\/website.dev.stmtires.com\/shop\/sin categor\u00eda\/285-75r245-g-ty577\/"},"modified":"2022-05-12T18:21:11","modified_gmt":"2022-05-12T23:21:11","slug":"285-75r24-5-g-ty577-2","status":"publish","type":"product","link":"https:\/\/stmtires.com\/es\/shop\/yokohama\/285-75r24-5-g-ty577-2\/","title":{"rendered":"285\/75R24,5 G TY577"},"content":{"rendered":"<p>Cami\u00f3n\/Autob\u00fas Comercial. Neum\u00e1tico radial de eje de transmisi\u00f3n de larga distancia para camiones de servicio mediano para aplicaciones de tractores en carretera y de 2 y 3 ejes.<\/p>\n","protected":false},"excerpt":{"rendered":"<p>Cami\u00f3n\/Autob\u00fas Comercial. Neum\u00e1tico radial de eje de transmisi\u00f3n de larga distancia para camiones de servicio mediano para aplicaciones de tractores en carretera y de 2 y 3 ejes.<\/p>\n","protected":false},"featured_media":0,"comment_status":"open","ping_status":"closed","template":"","meta":{"_acf_changed":false,"subheading":[]},"product_model":[25738],"product_brand":[54],"product_cat":[19286,19288,19289,19287,19323,26129,19253],"product_tag":[],"class_list":{"0":"post-168948","1":"product","2":"type-product","3":"status-publish","5":"product_model-ty577-es","6":"product_brand-yokohama","7":"product_cat-camion-autobus-comercial","8":"product_cat-conducir","9":"product_cat-radial-es","10":"product_cat-servicio-de-autopistas","11":"product_cat-smartway-en-ingles","12":"product_cat-tractor-es","13":"product_cat-uncategorized","14":"pa_tire-size-285-75r24-5-es","16":"first","17":"instock","18":"shipping-taxable","19":"purchasable","20":"product-type-simple"},"acf":[],"_links":{"self":[{"href":"https:\/\/stmtires.com\/es\/wp-json\/wp\/v2\/product\/168948","targetHints":{"allow":["GET"]}}],"collection":[{"href":"https:\/\/stmtires.com\/es\/wp-json\/wp\/v2\/product"}],"about":[{"href":"https:\/\/stmtires.com\/es\/wp-json\/wp\/v2\/types\/product"}],"replies":[{"embeddable":true,"href":"https:\/\/stmtires.com\/es\/wp-json\/wp\/v2\/comments?post=168948"}],"wp:attachment":[{"href":"https:\/\/stmtires.com\/es\/wp-json\/wp\/v2\/media?parent=168948"}],"wp:term":[{"taxonomy":"product_model","embeddable":true,"href":"https:\/\/stmtires.com\/es\/wp-json\/wp\/v2\/product_model?post=168948"},{"taxonomy":"product_brand","embeddable":true,"href":"https:\/\/stmtires.com\/es\/wp-json\/wp\/v2\/product_brand?post=168948"},{"taxonomy":"product_cat","embeddable":true,"href":"https:\/\/stmtires.com\/es\/wp-json\/wp\/v2\/product_cat?post=168948"},{"taxonomy":"product_tag","embeddable":true,"href":"https:\/\/stmtires.com\/es\/wp-json\/wp\/v2\/product_tag?post=168948"}],"curies":[{"name":"wp","href":"https:\/\/api.w.org\/{rel}","templated":true}]}}