{"id":168951,"date":"2022-05-12T18:21:11","date_gmt":"2022-05-12T23:21:11","guid":{"rendered":"https:\/\/website.dev.stmtires.com\/shop\/sin categor\u00eda\/295-75r22-5-h-ty527\/"},"modified":"2022-05-12T18:21:11","modified_gmt":"2022-05-12T23:21:11","slug":"295-75r22-5-h-ty527-2","status":"publish","type":"product","link":"https:\/\/stmtires.com\/es\/shop\/yokohama\/295-75r22-5-h-ty527-2\/","title":{"rendered":"295\/75R22.5 H TY527"},"content":{"rendered":"<p>Cami\u00f3n\/Autob\u00fas Comercial. Neum\u00e1tico radial de accionamiento de cami\u00f3n de servicio mediano para aplicaciones de tractores en carretera y de 2 y 3 ejes.<\/p>\n","protected":false},"excerpt":{"rendered":"<p>Cami\u00f3n\/Autob\u00fas Comercial. Neum\u00e1tico radial de accionamiento de cami\u00f3n de servicio mediano para aplicaciones de tractores en carretera y de 2 y 3 ejes.<\/p>\n","protected":false},"featured_media":0,"comment_status":"open","ping_status":"closed","template":"","meta":{"_acf_changed":false,"subheading":[]},"product_model":[25739],"product_brand":[54],"product_cat":[19286,19288,19289,19287,26129,19253],"product_tag":[],"class_list":{"0":"post-168951","1":"product","2":"type-product","3":"status-publish","5":"product_model-ty527-es","6":"product_brand-yokohama","7":"product_cat-camion-autobus-comercial","8":"product_cat-conducir","9":"product_cat-radial-es","10":"product_cat-servicio-de-autopistas","11":"product_cat-tractor-es","12":"product_cat-uncategorized","13":"pa_tire-size-295-75r22-5-es","15":"first","16":"instock","17":"shipping-taxable","18":"purchasable","19":"product-type-simple"},"acf":[],"_links":{"self":[{"href":"https:\/\/stmtires.com\/es\/wp-json\/wp\/v2\/product\/168951","targetHints":{"allow":["GET"]}}],"collection":[{"href":"https:\/\/stmtires.com\/es\/wp-json\/wp\/v2\/product"}],"about":[{"href":"https:\/\/stmtires.com\/es\/wp-json\/wp\/v2\/types\/product"}],"replies":[{"embeddable":true,"href":"https:\/\/stmtires.com\/es\/wp-json\/wp\/v2\/comments?post=168951"}],"wp:attachment":[{"href":"https:\/\/stmtires.com\/es\/wp-json\/wp\/v2\/media?parent=168951"}],"wp:term":[{"taxonomy":"product_model","embeddable":true,"href":"https:\/\/stmtires.com\/es\/wp-json\/wp\/v2\/product_model?post=168951"},{"taxonomy":"product_brand","embeddable":true,"href":"https:\/\/stmtires.com\/es\/wp-json\/wp\/v2\/product_brand?post=168951"},{"taxonomy":"product_cat","embeddable":true,"href":"https:\/\/stmtires.com\/es\/wp-json\/wp\/v2\/product_cat?post=168951"},{"taxonomy":"product_tag","embeddable":true,"href":"https:\/\/stmtires.com\/es\/wp-json\/wp\/v2\/product_tag?post=168951"}],"curies":[{"name":"wp","href":"https:\/\/api.w.org\/{rel}","templated":true}]}}