{"id":168972,"date":"2022-05-12T18:21:08","date_gmt":"2022-05-12T23:21:08","guid":{"rendered":"https:\/\/website.dev.stmtires.com\/shop\/sin categor\u00eda\/11r245-g-tl-ty503\/"},"modified":"2022-05-12T18:21:08","modified_gmt":"2022-05-12T23:21:08","slug":"11r24-5-g-tl-ty503-2","status":"publish","type":"product","link":"https:\/\/stmtires.com\/es\/shop\/yokohama\/11r24-5-g-tl-ty503-2\/","title":{"rendered":"11R24,5 G TL TY503"},"content":{"rendered":"<p>Cami\u00f3n\/Autob\u00fas Comercial. Hombro abierto para cami\u00f3n de servicio mediano, neum\u00e1tico de accionamiento de larga distancia de profundidad completa 30\/32 que combina tracci\u00f3n en carretera con durabilidad.<\/p>\n","protected":false},"excerpt":{"rendered":"<p>Cami\u00f3n\/Autob\u00fas Comercial. Hombro abierto para cami\u00f3n de servicio mediano, neum\u00e1tico de accionamiento de larga distancia de profundidad completa 30\/32 que combina tracci\u00f3n en carretera con durabilidad.<\/p>\n","protected":false},"featured_media":0,"comment_status":"open","ping_status":"closed","template":"","meta":{"_acf_changed":false,"subheading":[]},"product_model":[25920],"product_brand":[54],"product_cat":[19286,19288,19310,19287,19253],"product_tag":[],"class_list":{"0":"post-168972","1":"product","2":"type-product","3":"status-publish","5":"product_model-ty503-es","6":"product_brand-yokohama","7":"product_cat-camion-autobus-comercial","8":"product_cat-conducir","9":"product_cat-hombro-abierto","10":"product_cat-servicio-de-autopistas","11":"product_cat-uncategorized","12":"pa_tire-size-11r24-5-es","14":"first","15":"instock","16":"shipping-taxable","17":"purchasable","18":"product-type-simple"},"acf":[],"_links":{"self":[{"href":"https:\/\/stmtires.com\/es\/wp-json\/wp\/v2\/product\/168972","targetHints":{"allow":["GET"]}}],"collection":[{"href":"https:\/\/stmtires.com\/es\/wp-json\/wp\/v2\/product"}],"about":[{"href":"https:\/\/stmtires.com\/es\/wp-json\/wp\/v2\/types\/product"}],"replies":[{"embeddable":true,"href":"https:\/\/stmtires.com\/es\/wp-json\/wp\/v2\/comments?post=168972"}],"wp:attachment":[{"href":"https:\/\/stmtires.com\/es\/wp-json\/wp\/v2\/media?parent=168972"}],"wp:term":[{"taxonomy":"product_model","embeddable":true,"href":"https:\/\/stmtires.com\/es\/wp-json\/wp\/v2\/product_model?post=168972"},{"taxonomy":"product_brand","embeddable":true,"href":"https:\/\/stmtires.com\/es\/wp-json\/wp\/v2\/product_brand?post=168972"},{"taxonomy":"product_cat","embeddable":true,"href":"https:\/\/stmtires.com\/es\/wp-json\/wp\/v2\/product_cat?post=168972"},{"taxonomy":"product_tag","embeddable":true,"href":"https:\/\/stmtires.com\/es\/wp-json\/wp\/v2\/product_tag?post=168972"}],"curies":[{"name":"wp","href":"https:\/\/api.w.org\/{rel}","templated":true}]}}