{"id":169145,"date":"2022-05-12T18:20:16","date_gmt":"2022-05-12T23:20:16","guid":{"rendered":"https:\/\/website.dev.stmtires.com\/shop\/sin categor\u00eda\/275-70r22-5-h-my507\/"},"modified":"2022-05-12T18:20:16","modified_gmt":"2022-05-12T23:20:16","slug":"275-70r22-5-h-mi507","status":"publish","type":"product","link":"https:\/\/stmtires.com\/es\/shop\/yokohama\/275-70r22-5-h-mi507\/","title":{"rendered":"275\/70R22.5 H MY507"},"content":{"rendered":"<p>Cami\u00f3n\/Autob\u00fas Comercial. Neum\u00e1tico radial de cami\u00f3n de servicio mediano en todas las posiciones \/ direcci\u00f3n ideal para operaciones de tala, cemento y construcci\u00f3n dentro y fuera de la carretera.<\/p>\n","protected":false},"excerpt":{"rendered":"<p>Cami\u00f3n\/Autob\u00fas Comercial. Neum\u00e1tico radial de cami\u00f3n de servicio mediano en todas las posiciones \/ direcci\u00f3n ideal para operaciones de tala, cemento y construcci\u00f3n dentro y fuera de la carretera.<\/p>\n","protected":false},"featured_media":0,"comment_status":"open","ping_status":"closed","template":"","meta":{"_acf_changed":false,"subheading":[]},"product_model":[22871],"product_brand":[54],"product_cat":[19286,19321,19289,19287,19316,19253],"product_tag":[],"class_list":{"0":"post-169145","1":"product","2":"type-product","3":"status-publish","5":"product_model-my507-es","6":"product_brand-yokohama","7":"product_cat-camion-autobus-comercial","8":"product_cat-conducir-es","9":"product_cat-radial-es","10":"product_cat-servicio-de-autopistas","11":"product_cat-todas-las-posiciones","12":"product_cat-uncategorized","13":"pa_tire-size-275-70r22-5-es","15":"first","16":"instock","17":"shipping-taxable","18":"purchasable","19":"product-type-simple"},"acf":[],"_links":{"self":[{"href":"https:\/\/stmtires.com\/es\/wp-json\/wp\/v2\/product\/169145","targetHints":{"allow":["GET"]}}],"collection":[{"href":"https:\/\/stmtires.com\/es\/wp-json\/wp\/v2\/product"}],"about":[{"href":"https:\/\/stmtires.com\/es\/wp-json\/wp\/v2\/types\/product"}],"replies":[{"embeddable":true,"href":"https:\/\/stmtires.com\/es\/wp-json\/wp\/v2\/comments?post=169145"}],"wp:attachment":[{"href":"https:\/\/stmtires.com\/es\/wp-json\/wp\/v2\/media?parent=169145"}],"wp:term":[{"taxonomy":"product_model","embeddable":true,"href":"https:\/\/stmtires.com\/es\/wp-json\/wp\/v2\/product_model?post=169145"},{"taxonomy":"product_brand","embeddable":true,"href":"https:\/\/stmtires.com\/es\/wp-json\/wp\/v2\/product_brand?post=169145"},{"taxonomy":"product_cat","embeddable":true,"href":"https:\/\/stmtires.com\/es\/wp-json\/wp\/v2\/product_cat?post=169145"},{"taxonomy":"product_tag","embeddable":true,"href":"https:\/\/stmtires.com\/es\/wp-json\/wp\/v2\/product_tag?post=169145"}],"curies":[{"name":"wp","href":"https:\/\/api.w.org\/{rel}","templated":true}]}}