{"id":169146,"date":"2022-05-12T18:20:14","date_gmt":"2022-05-12T23:20:14","guid":{"rendered":"https:\/\/website.dev.stmtires.com\/shop\/sin categor\u00eda\/445-50r22-5-l-bluearth-109l-uwb\/"},"modified":"2022-05-12T18:20:14","modified_gmt":"2022-05-12T23:20:14","slug":"445-50r22-5-l-bluearth-109l-uwb-2","status":"publish","type":"product","link":"https:\/\/stmtires.com\/es\/shop\/yokohama\/445-50r22-5-l-bluearth-109l-uwb-2\/","title":{"rendered":"445\/50R22.5 L BLUEARTH 109L UWB"},"content":{"rendered":"<p>Cami\u00f3n\/Autob\u00fas Comercial. SmartWay Verified Medium-Duty Truck Long Haul Trailer Position neum\u00e1tico. Adecuado para cubierta de ca\u00edda, eje cerrado y remolque de eje extendido.<\/p>\n","protected":false},"excerpt":{"rendered":"<p>Cami\u00f3n\/Autob\u00fas Comercial. SmartWay Verified Medium-Duty Truck Long Haul Trailer Position neum\u00e1tico. Adecuado para cubierta de ca\u00edda, eje cerrado y remolque de eje extendido.<\/p>\n","protected":false},"featured_media":221110,"comment_status":"open","ping_status":"closed","template":"","meta":{"_acf_changed":false,"subheading":[]},"product_model":[25947],"product_brand":[54],"product_cat":[19286,19336,19323,19253],"product_tag":[],"class_list":{"0":"post-169146","1":"product","2":"type-product","3":"status-publish","4":"has-post-thumbnail","6":"product_model-bluearth-109l-uwb-es","7":"product_brand-yokohama","8":"product_cat-camion-autobus-comercial","9":"product_cat-posicion-del-remolque","10":"product_cat-smartway-en-ingles","11":"product_cat-uncategorized","12":"pa_tire-size-445-50r22-5-es","14":"first","15":"instock","16":"shipping-taxable","17":"purchasable","18":"product-type-simple"},"acf":[],"_links":{"self":[{"href":"https:\/\/stmtires.com\/es\/wp-json\/wp\/v2\/product\/169146","targetHints":{"allow":["GET"]}}],"collection":[{"href":"https:\/\/stmtires.com\/es\/wp-json\/wp\/v2\/product"}],"about":[{"href":"https:\/\/stmtires.com\/es\/wp-json\/wp\/v2\/types\/product"}],"replies":[{"embeddable":true,"href":"https:\/\/stmtires.com\/es\/wp-json\/wp\/v2\/comments?post=169146"}],"wp:featuredmedia":[{"embeddable":true,"href":"https:\/\/stmtires.com\/es\/wp-json\/wp\/v2\/media\/221110"}],"wp:attachment":[{"href":"https:\/\/stmtires.com\/es\/wp-json\/wp\/v2\/media?parent=169146"}],"wp:term":[{"taxonomy":"product_model","embeddable":true,"href":"https:\/\/stmtires.com\/es\/wp-json\/wp\/v2\/product_model?post=169146"},{"taxonomy":"product_brand","embeddable":true,"href":"https:\/\/stmtires.com\/es\/wp-json\/wp\/v2\/product_brand?post=169146"},{"taxonomy":"product_cat","embeddable":true,"href":"https:\/\/stmtires.com\/es\/wp-json\/wp\/v2\/product_cat?post=169146"},{"taxonomy":"product_tag","embeddable":true,"href":"https:\/\/stmtires.com\/es\/wp-json\/wp\/v2\/product_tag?post=169146"}],"curies":[{"name":"wp","href":"https:\/\/api.w.org\/{rel}","templated":true}]}}