{"id":169173,"date":"2022-05-12T18:20:11","date_gmt":"2022-05-12T23:20:11","guid":{"rendered":"https:\/\/website.dev.stmtires.com\/shop\/sin categor\u00eda\/255-70r22-5-h-qr86\/"},"modified":"2022-05-12T18:20:11","modified_gmt":"2022-05-12T23:20:11","slug":"255-70r22-5-h-qr86-2","status":"publish","type":"product","link":"https:\/\/stmtires.com\/es\/shop\/gladiator\/255-70r22-5-h-qr86-2\/","title":{"rendered":"255\/70R22.5 H QR86"},"content":{"rendered":"<p>Cami\u00f3n\/Autob\u00fas Comercial. Cami\u00f3n de servicio mediano Multi-Posici\u00f3n Chip multiuso y neum\u00e1tico resistente a cortes para aplicaciones on\/off road<\/p>\n","protected":false},"excerpt":{"rendered":"<p>Cami\u00f3n\/Autob\u00fas Comercial. Cami\u00f3n de servicio mediano Multi-Posici\u00f3n Chip multiuso y neum\u00e1tico resistente a cortes para aplicaciones on\/off road<\/p>\n","protected":false},"featured_media":0,"comment_status":"open","ping_status":"closed","template":"","meta":{"_acf_changed":false,"subheading":[]},"product_model":[25955],"product_brand":[108],"product_cat":[19286,19316,19253],"product_tag":[],"class_list":{"0":"post-169173","1":"product","2":"type-product","3":"status-publish","5":"product_model-qr86mp-es","6":"product_brand-gladiator","7":"product_cat-camion-autobus-comercial","8":"product_cat-todas-las-posiciones","9":"product_cat-uncategorized","10":"pa_tire-size-255-70r22-5-es","12":"first","13":"instock","14":"shipping-taxable","15":"purchasable","16":"product-type-simple"},"acf":[],"_links":{"self":[{"href":"https:\/\/stmtires.com\/es\/wp-json\/wp\/v2\/product\/169173","targetHints":{"allow":["GET"]}}],"collection":[{"href":"https:\/\/stmtires.com\/es\/wp-json\/wp\/v2\/product"}],"about":[{"href":"https:\/\/stmtires.com\/es\/wp-json\/wp\/v2\/types\/product"}],"replies":[{"embeddable":true,"href":"https:\/\/stmtires.com\/es\/wp-json\/wp\/v2\/comments?post=169173"}],"wp:attachment":[{"href":"https:\/\/stmtires.com\/es\/wp-json\/wp\/v2\/media?parent=169173"}],"wp:term":[{"taxonomy":"product_model","embeddable":true,"href":"https:\/\/stmtires.com\/es\/wp-json\/wp\/v2\/product_model?post=169173"},{"taxonomy":"product_brand","embeddable":true,"href":"https:\/\/stmtires.com\/es\/wp-json\/wp\/v2\/product_brand?post=169173"},{"taxonomy":"product_cat","embeddable":true,"href":"https:\/\/stmtires.com\/es\/wp-json\/wp\/v2\/product_cat?post=169173"},{"taxonomy":"product_tag","embeddable":true,"href":"https:\/\/stmtires.com\/es\/wp-json\/wp\/v2\/product_tag?post=169173"}],"curies":[{"name":"wp","href":"https:\/\/api.w.org\/{rel}","templated":true}]}}