{"id":169434,"date":"2022-05-12T11:41:45","date_gmt":"2022-05-12T16:41:45","guid":{"rendered":"https:\/\/website.dev.stmtires.com\/shop\/sin categor\u00eda\/p265-75r15-campo-abierto-a-t-ii\/"},"modified":"2022-05-12T11:41:45","modified_gmt":"2022-05-12T16:41:45","slug":"p265-75r15-open-country-a-t-ii-2","status":"publish","type":"product","link":"https:\/\/stmtires.com\/es\/shop\/toyo-es\/p265-75r15-open-country-a-t-ii-2\/","title":{"rendered":"P265\/75R15 CAMPO ABIERTO A\/T II"},"content":{"rendered":"<p>Neum\u00e1tico todoterreno para camiones ligeros \/ SUV para pasajeros todo terreno para todas las estaciones disponible con tres dise\u00f1os de hombros distintos. Equipo original de ciertos tama\u00f1os en veh\u00edculos seleccionados<\/p>\n","protected":false},"excerpt":{"rendered":"<p>Neum\u00e1tico todoterreno para camiones ligeros \/ SUV para pasajeros todo terreno para todas las estaciones disponible con tres dise\u00f1os de hombros distintos. Equipo original de ciertos tama\u00f1os en veh\u00edculos seleccionados<\/p>\n","protected":false},"featured_media":0,"comment_status":"open","ping_status":"closed","template":"","meta":{"_acf_changed":false,"subheading":[]},"product_model":[25613],"product_brand":[15760],"product_cat":[19241,19242,25986,19259,19253],"product_tag":[],"class_list":{"0":"post-169434","1":"product","2":"type-product","3":"status-publish","5":"product_model-open-country-a-t-ii-es","6":"product_brand-toyo-es","7":"product_cat-camion-ligero-de-pasajeros-suv","8":"product_cat-equipo-original-oe","9":"product_cat-luz-de-pasajero","10":"product_cat-todo-terreno-a-t","11":"product_cat-uncategorized","12":"pa_tire-size-265-75r15-es","14":"first","15":"instock","16":"shipping-taxable","17":"purchasable","18":"product-type-simple"},"acf":[],"_links":{"self":[{"href":"https:\/\/stmtires.com\/es\/wp-json\/wp\/v2\/product\/169434","targetHints":{"allow":["GET"]}}],"collection":[{"href":"https:\/\/stmtires.com\/es\/wp-json\/wp\/v2\/product"}],"about":[{"href":"https:\/\/stmtires.com\/es\/wp-json\/wp\/v2\/types\/product"}],"replies":[{"embeddable":true,"href":"https:\/\/stmtires.com\/es\/wp-json\/wp\/v2\/comments?post=169434"}],"wp:attachment":[{"href":"https:\/\/stmtires.com\/es\/wp-json\/wp\/v2\/media?parent=169434"}],"wp:term":[{"taxonomy":"product_model","embeddable":true,"href":"https:\/\/stmtires.com\/es\/wp-json\/wp\/v2\/product_model?post=169434"},{"taxonomy":"product_brand","embeddable":true,"href":"https:\/\/stmtires.com\/es\/wp-json\/wp\/v2\/product_brand?post=169434"},{"taxonomy":"product_cat","embeddable":true,"href":"https:\/\/stmtires.com\/es\/wp-json\/wp\/v2\/product_cat?post=169434"},{"taxonomy":"product_tag","embeddable":true,"href":"https:\/\/stmtires.com\/es\/wp-json\/wp\/v2\/product_tag?post=169434"}],"curies":[{"name":"wp","href":"https:\/\/api.w.org\/{rel}","templated":true}]}}