{"id":169457,"date":"2022-05-12T14:19:14","date_gmt":"2022-05-12T19:19:14","guid":{"rendered":"https:\/\/website.dev.stmtires.com\/shop\/sin categor\u00eda\/p265-75r15-campo-a-traves-de-laredo\/"},"modified":"2022-05-12T14:19:14","modified_gmt":"2022-05-12T19:19:14","slug":"p265-75r15-laredo-campo-a-traves","status":"publish","type":"product","link":"https:\/\/stmtires.com\/es\/shop\/uniroyal\/p265-75r15-laredo-campo-a-traves\/","title":{"rendered":"P265\/75R15 CAMPO A TRAV\u00c9S DE LAREDO"},"content":{"rendered":"<p>Neum\u00e1tico de cami\u00f3n ligero \/ SUV para pasajeros de todas las estaciones.<\/p>\n","protected":false},"excerpt":{"rendered":"<p>Neum\u00e1tico de cami\u00f3n ligero \/ SUV para pasajeros de todas las estaciones.<\/p>\n","protected":false},"featured_media":134956,"comment_status":"open","ping_status":"closed","template":"","meta":{"_acf_changed":false,"subheading":[]},"product_model":[25765],"product_brand":[36],"product_cat":[19253],"product_tag":[],"class_list":{"0":"post-169457","1":"product","2":"type-product","3":"status-publish","4":"has-post-thumbnail","6":"product_model-laredo-cross-country-es","7":"product_brand-uniroyal","8":"product_cat-uncategorized","10":"first","11":"instock","12":"shipping-taxable","13":"purchasable","14":"product-type-simple"},"acf":[],"_links":{"self":[{"href":"https:\/\/stmtires.com\/es\/wp-json\/wp\/v2\/product\/169457","targetHints":{"allow":["GET"]}}],"collection":[{"href":"https:\/\/stmtires.com\/es\/wp-json\/wp\/v2\/product"}],"about":[{"href":"https:\/\/stmtires.com\/es\/wp-json\/wp\/v2\/types\/product"}],"replies":[{"embeddable":true,"href":"https:\/\/stmtires.com\/es\/wp-json\/wp\/v2\/comments?post=169457"}],"wp:featuredmedia":[{"embeddable":true,"href":"https:\/\/stmtires.com\/es\/wp-json\/wp\/v2\/media\/134956"}],"wp:attachment":[{"href":"https:\/\/stmtires.com\/es\/wp-json\/wp\/v2\/media?parent=169457"}],"wp:term":[{"taxonomy":"product_model","embeddable":true,"href":"https:\/\/stmtires.com\/es\/wp-json\/wp\/v2\/product_model?post=169457"},{"taxonomy":"product_brand","embeddable":true,"href":"https:\/\/stmtires.com\/es\/wp-json\/wp\/v2\/product_brand?post=169457"},{"taxonomy":"product_cat","embeddable":true,"href":"https:\/\/stmtires.com\/es\/wp-json\/wp\/v2\/product_cat?post=169457"},{"taxonomy":"product_tag","embeddable":true,"href":"https:\/\/stmtires.com\/es\/wp-json\/wp\/v2\/product_tag?post=169457"}],"curies":[{"name":"wp","href":"https:\/\/api.w.org\/{rel}","templated":true}]}}