{"id":169830,"date":"2022-05-12T16:01:08","date_gmt":"2022-05-12T21:01:08","guid":{"rendered":"https:\/\/website.dev.stmtires.com\/shop\/sin categor\u00eda\/11r22-5-g-doble-moneda-ft105\/"},"modified":"2022-05-12T16:01:08","modified_gmt":"2022-05-12T21:01:08","slug":"11r22-5-g-doble-moneda-ft105","status":"publish","type":"product","link":"https:\/\/stmtires.com\/es\/shop\/double-coin\/11r22-5-g-doble-moneda-ft105\/","title":{"rendered":"11R22.5 G DOBLE MONEDA FT105"},"content":{"rendered":"<p>Cami\u00f3n\/Autob\u00fas Comercial. SmartWay Verified Neum\u00e1tico de posici\u00f3n de remolque de cami\u00f3n de servicio mediano construido para m\u00faltiples aplicaciones. Serie OptiGreen.<\/p>\n","protected":false},"excerpt":{"rendered":"<p>Cami\u00f3n\/Autob\u00fas Comercial. SmartWay Verified Neum\u00e1tico de posici\u00f3n de remolque de cami\u00f3n de servicio mediano construido para m\u00faltiples aplicaciones. Serie OptiGreen.<\/p>\n","protected":false},"featured_media":0,"comment_status":"open","ping_status":"closed","template":"","meta":{"_acf_changed":false,"subheading":[]},"product_model":[25902],"product_brand":[103],"product_cat":[19286,19336,19323,26129,19253],"product_tag":[],"class_list":{"0":"post-169830","1":"product","2":"type-product","3":"status-publish","5":"product_model-double-coin-ft105-es","6":"product_brand-double-coin","7":"product_cat-camion-autobus-comercial","8":"product_cat-posicion-del-remolque","9":"product_cat-smartway-en-ingles","10":"product_cat-tractor-es","11":"product_cat-uncategorized","12":"pa_tire-size-11r22-5-es","14":"first","15":"instock","16":"shipping-taxable","17":"purchasable","18":"product-type-simple"},"acf":[],"_links":{"self":[{"href":"https:\/\/stmtires.com\/es\/wp-json\/wp\/v2\/product\/169830","targetHints":{"allow":["GET"]}}],"collection":[{"href":"https:\/\/stmtires.com\/es\/wp-json\/wp\/v2\/product"}],"about":[{"href":"https:\/\/stmtires.com\/es\/wp-json\/wp\/v2\/types\/product"}],"replies":[{"embeddable":true,"href":"https:\/\/stmtires.com\/es\/wp-json\/wp\/v2\/comments?post=169830"}],"wp:attachment":[{"href":"https:\/\/stmtires.com\/es\/wp-json\/wp\/v2\/media?parent=169830"}],"wp:term":[{"taxonomy":"product_model","embeddable":true,"href":"https:\/\/stmtires.com\/es\/wp-json\/wp\/v2\/product_model?post=169830"},{"taxonomy":"product_brand","embeddable":true,"href":"https:\/\/stmtires.com\/es\/wp-json\/wp\/v2\/product_brand?post=169830"},{"taxonomy":"product_cat","embeddable":true,"href":"https:\/\/stmtires.com\/es\/wp-json\/wp\/v2\/product_cat?post=169830"},{"taxonomy":"product_tag","embeddable":true,"href":"https:\/\/stmtires.com\/es\/wp-json\/wp\/v2\/product_tag?post=169830"}],"curies":[{"name":"wp","href":"https:\/\/api.w.org\/{rel}","templated":true}]}}