{"id":169840,"date":"2022-05-12T14:41:11","date_gmt":"2022-05-12T19:41:11","guid":{"rendered":"https:\/\/website.dev.stmtires.com\/shop\/sin categor\u00eda\/11r22-5-g-doble-moneda-rlb400\/"},"modified":"2022-05-12T14:41:11","modified_gmt":"2022-05-12T19:41:11","slug":"11r22-5-g-doble-moneda-rlb400","status":"publish","type":"product","link":"https:\/\/stmtires.com\/es\/shop\/double-coin\/11r22-5-g-doble-moneda-rlb400\/","title":{"rendered":"11R22.5 G DOBLE MONEDA RLB400"},"content":{"rendered":"<p>Cami\u00f3n\/Autob\u00fas Comercial. Neum\u00e1tico de posici\u00f3n de hombro cerrado para cami\u00f3n de servicio mediano.<\/p>\n","protected":false},"excerpt":{"rendered":"<p>Cami\u00f3n\/Autob\u00fas Comercial. Neum\u00e1tico de posici\u00f3n de hombro cerrado para cami\u00f3n de servicio mediano.<\/p>\n","protected":false},"featured_media":0,"comment_status":"open","ping_status":"closed","template":"","meta":{"_acf_changed":false,"subheading":[]},"product_model":[25718],"product_brand":[103],"product_cat":[19286,16311,19288,19330,19289,19332,19253],"product_tag":[],"class_list":{"0":"post-169840","1":"product","2":"type-product","3":"status-publish","5":"product_model-double-coin-rlb400-es","6":"product_brand-double-coin","7":"product_cat-camion-autobus-comercial","8":"product_cat-closed-shoulder","9":"product_cat-conducir","10":"product_cat-hombro-cerrado","11":"product_cat-radial-es","12":"product_cat-servicio-regional","13":"product_cat-uncategorized","14":"pa_tire-size-11r22-5-es","16":"first","17":"instock","18":"shipping-taxable","19":"purchasable","20":"product-type-simple"},"acf":[],"_links":{"self":[{"href":"https:\/\/stmtires.com\/es\/wp-json\/wp\/v2\/product\/169840","targetHints":{"allow":["GET"]}}],"collection":[{"href":"https:\/\/stmtires.com\/es\/wp-json\/wp\/v2\/product"}],"about":[{"href":"https:\/\/stmtires.com\/es\/wp-json\/wp\/v2\/types\/product"}],"replies":[{"embeddable":true,"href":"https:\/\/stmtires.com\/es\/wp-json\/wp\/v2\/comments?post=169840"}],"wp:attachment":[{"href":"https:\/\/stmtires.com\/es\/wp-json\/wp\/v2\/media?parent=169840"}],"wp:term":[{"taxonomy":"product_model","embeddable":true,"href":"https:\/\/stmtires.com\/es\/wp-json\/wp\/v2\/product_model?post=169840"},{"taxonomy":"product_brand","embeddable":true,"href":"https:\/\/stmtires.com\/es\/wp-json\/wp\/v2\/product_brand?post=169840"},{"taxonomy":"product_cat","embeddable":true,"href":"https:\/\/stmtires.com\/es\/wp-json\/wp\/v2\/product_cat?post=169840"},{"taxonomy":"product_tag","embeddable":true,"href":"https:\/\/stmtires.com\/es\/wp-json\/wp\/v2\/product_tag?post=169840"}],"curies":[{"name":"wp","href":"https:\/\/api.w.org\/{rel}","templated":true}]}}