{"id":169852,"date":"2022-05-12T14:44:46","date_gmt":"2022-05-12T19:44:46","guid":{"rendered":"https:\/\/website.dev.stmtires.com\/shop\/sin categor\u00eda\/11r22-5-g-doble-moneda-rr300\/"},"modified":"2022-05-12T14:44:46","modified_gmt":"2022-05-12T19:44:46","slug":"11r22-5-g-doble-moneda-rr300","status":"publish","type":"product","link":"https:\/\/stmtires.com\/es\/shop\/double-coin\/11r22-5-g-doble-moneda-rr300\/","title":{"rendered":"11R22.5 G DOBLE MONEDA RR300"},"content":{"rendered":"<p>Cami\u00f3n\/Autob\u00fas Comercial. Neum\u00e1tico de posici\u00f3n de direcci\u00f3n de larga distancia para camiones de servicio medio.<\/p>\n","protected":false},"excerpt":{"rendered":"<p>Cami\u00f3n\/Autob\u00fas Comercial. Neum\u00e1tico de posici\u00f3n de direcci\u00f3n de larga distancia para camiones de servicio medio.<\/p>\n","protected":false},"featured_media":0,"comment_status":"open","ping_status":"closed","template":"","meta":{"_acf_changed":false,"subheading":[]},"product_model":[25723],"product_brand":[103],"product_cat":[19286,16248,19321,19324,19253],"product_tag":[],"class_list":{"0":"post-169852","1":"product","2":"type-product","3":"status-publish","5":"product_model-double-coin-rr300-es","6":"product_brand-double-coin","7":"product_cat-camion-autobus-comercial","8":"product_cat-commercial-truck-bus","9":"product_cat-conducir-es","10":"product_cat-costilla","11":"product_cat-uncategorized","12":"pa_tire-size-11r22-5-es","14":"first","15":"instock","16":"shipping-taxable","17":"purchasable","18":"product-type-simple"},"acf":[],"_links":{"self":[{"href":"https:\/\/stmtires.com\/es\/wp-json\/wp\/v2\/product\/169852","targetHints":{"allow":["GET"]}}],"collection":[{"href":"https:\/\/stmtires.com\/es\/wp-json\/wp\/v2\/product"}],"about":[{"href":"https:\/\/stmtires.com\/es\/wp-json\/wp\/v2\/types\/product"}],"replies":[{"embeddable":true,"href":"https:\/\/stmtires.com\/es\/wp-json\/wp\/v2\/comments?post=169852"}],"wp:attachment":[{"href":"https:\/\/stmtires.com\/es\/wp-json\/wp\/v2\/media?parent=169852"}],"wp:term":[{"taxonomy":"product_model","embeddable":true,"href":"https:\/\/stmtires.com\/es\/wp-json\/wp\/v2\/product_model?post=169852"},{"taxonomy":"product_brand","embeddable":true,"href":"https:\/\/stmtires.com\/es\/wp-json\/wp\/v2\/product_brand?post=169852"},{"taxonomy":"product_cat","embeddable":true,"href":"https:\/\/stmtires.com\/es\/wp-json\/wp\/v2\/product_cat?post=169852"},{"taxonomy":"product_tag","embeddable":true,"href":"https:\/\/stmtires.com\/es\/wp-json\/wp\/v2\/product_tag?post=169852"}],"curies":[{"name":"wp","href":"https:\/\/api.w.org\/{rel}","templated":true}]}}