{"id":169867,"date":"2022-05-12T18:17:33","date_gmt":"2022-05-12T23:17:33","guid":{"rendered":"https:\/\/website.dev.stmtires.com\/shop\/sin categor\u00eda\/11r225-g-dr-850\/"},"modified":"2022-05-12T18:17:33","modified_gmt":"2022-05-12T23:17:33","slug":"11r22-5-g-dr-850-2","status":"publish","type":"product","link":"https:\/\/stmtires.com\/es\/shop\/zenna\/11r22-5-g-dr-850-2\/","title":{"rendered":"11R22,5 G DR-850"},"content":{"rendered":"<p>Cami\u00f3n\/Autob\u00fas Comercial. Cami\u00f3n de servicio mediano Posici\u00f3n cerrada de hombro de accionamiento Neum\u00e1tico radial dise\u00f1ado para aplicaciones de larga distancia.<\/p>\n","protected":false},"excerpt":{"rendered":"<p>Cami\u00f3n\/Autob\u00fas Comercial. Cami\u00f3n de servicio mediano Posici\u00f3n cerrada de hombro de accionamiento Neum\u00e1tico radial dise\u00f1ado para aplicaciones de larga distancia.<\/p>\n","protected":false},"featured_media":0,"comment_status":"open","ping_status":"closed","template":"","meta":{"_acf_changed":false,"subheading":[]},"product_model":[23120],"product_brand":[261],"product_cat":[19288,19253],"product_tag":[],"class_list":{"0":"post-169867","1":"product","2":"type-product","3":"status-publish","5":"product_model-dr-850-es","6":"product_brand-zenna","7":"product_cat-conducir","8":"product_cat-uncategorized","9":"pa_tire-size-11r22-5-es","11":"first","12":"instock","13":"shipping-taxable","14":"purchasable","15":"product-type-simple"},"acf":[],"_links":{"self":[{"href":"https:\/\/stmtires.com\/es\/wp-json\/wp\/v2\/product\/169867","targetHints":{"allow":["GET"]}}],"collection":[{"href":"https:\/\/stmtires.com\/es\/wp-json\/wp\/v2\/product"}],"about":[{"href":"https:\/\/stmtires.com\/es\/wp-json\/wp\/v2\/types\/product"}],"replies":[{"embeddable":true,"href":"https:\/\/stmtires.com\/es\/wp-json\/wp\/v2\/comments?post=169867"}],"wp:attachment":[{"href":"https:\/\/stmtires.com\/es\/wp-json\/wp\/v2\/media?parent=169867"}],"wp:term":[{"taxonomy":"product_model","embeddable":true,"href":"https:\/\/stmtires.com\/es\/wp-json\/wp\/v2\/product_model?post=169867"},{"taxonomy":"product_brand","embeddable":true,"href":"https:\/\/stmtires.com\/es\/wp-json\/wp\/v2\/product_brand?post=169867"},{"taxonomy":"product_cat","embeddable":true,"href":"https:\/\/stmtires.com\/es\/wp-json\/wp\/v2\/product_cat?post=169867"},{"taxonomy":"product_tag","embeddable":true,"href":"https:\/\/stmtires.com\/es\/wp-json\/wp\/v2\/product_tag?post=169867"}],"curies":[{"name":"wp","href":"https:\/\/api.w.org\/{rel}","templated":true}]}}