{"id":170082,"date":"2022-05-12T15:51:55","date_gmt":"2022-05-12T20:51:55","guid":{"rendered":"https:\/\/website.dev.stmtires.com\/shop\/sin categor\u00eda\/11r225-g-m711\/"},"modified":"2022-05-12T15:51:55","modified_gmt":"2022-05-12T20:51:55","slug":"11r22-5-g-m711-2","status":"publish","type":"product","link":"https:\/\/stmtires.com\/es\/shop\/bridgestone-es\/11r22-5-g-m711-2\/","title":{"rendered":"11R22,5 G M711"},"content":{"rendered":"<p>Cami\u00f3n\/Autob\u00fas Comercial. Neum\u00e1tico de accionamiento radial de cami\u00f3n de servicio medio. Espec\u00edficamente recomendado para aplicaciones de alta tracci\u00f3n y alto desmodo en: servicio de larga distancia, servicio de encendido \/ fuera de carretera ligero a moderado, servicio de transporte regional y servicio de recogida y entrega.<\/p>\n","protected":false},"excerpt":{"rendered":"<p>Cami\u00f3n\/Autob\u00fas Comercial. Neum\u00e1tico de accionamiento radial de cami\u00f3n de servicio medio. Espec\u00edficamente recomendado para aplicaciones de alta tracci\u00f3n y alto desmodo en: servicio de larga distancia, servicio de encendido \/ fuera de carretera ligero a moderado, servicio de transporte regional y servicio de recogida y entrega.<\/p>\n","protected":false},"featured_media":0,"comment_status":"open","ping_status":"closed","template":"","meta":{"_acf_changed":false,"subheading":[]},"product_model":[25717],"product_brand":[],"product_cat":[19286,19288,19324,19289,19287,19301,19332,19253],"product_tag":[],"class_list":{"0":"post-170082","1":"product","2":"type-product","3":"status-publish","5":"product_model-m711-es","6":"product_cat-camion-autobus-comercial","7":"product_cat-conducir","8":"product_cat-costilla","9":"product_cat-radial-es","10":"product_cat-servicio-de-autopistas","11":"product_cat-servicio-on-off-highway","12":"product_cat-servicio-regional","13":"product_cat-uncategorized","14":"pa_tire-size-11r22-5-es","16":"first","17":"instock","18":"shipping-taxable","19":"purchasable","20":"product-type-simple"},"acf":[],"_links":{"self":[{"href":"https:\/\/stmtires.com\/es\/wp-json\/wp\/v2\/product\/170082","targetHints":{"allow":["GET"]}}],"collection":[{"href":"https:\/\/stmtires.com\/es\/wp-json\/wp\/v2\/product"}],"about":[{"href":"https:\/\/stmtires.com\/es\/wp-json\/wp\/v2\/types\/product"}],"replies":[{"embeddable":true,"href":"https:\/\/stmtires.com\/es\/wp-json\/wp\/v2\/comments?post=170082"}],"wp:attachment":[{"href":"https:\/\/stmtires.com\/es\/wp-json\/wp\/v2\/media?parent=170082"}],"wp:term":[{"taxonomy":"product_model","embeddable":true,"href":"https:\/\/stmtires.com\/es\/wp-json\/wp\/v2\/product_model?post=170082"},{"taxonomy":"product_brand","embeddable":true,"href":"https:\/\/stmtires.com\/es\/wp-json\/wp\/v2\/product_brand?post=170082"},{"taxonomy":"product_cat","embeddable":true,"href":"https:\/\/stmtires.com\/es\/wp-json\/wp\/v2\/product_cat?post=170082"},{"taxonomy":"product_tag","embeddable":true,"href":"https:\/\/stmtires.com\/es\/wp-json\/wp\/v2\/product_tag?post=170082"}],"curies":[{"name":"wp","href":"https:\/\/api.w.org\/{rel}","templated":true}]}}