{"id":170098,"date":"2022-05-12T16:44:05","date_gmt":"2022-05-12T21:44:05","guid":{"rendered":"https:\/\/website.dev.stmtires.com\/shop\/sin categor\u00eda\/11r225-g-m760-ecopia\/"},"modified":"2022-05-12T16:44:05","modified_gmt":"2022-05-12T21:44:05","slug":"11r22-5-g-m760-ecopia-2","status":"publish","type":"product","link":"https:\/\/stmtires.com\/es\/shop\/bridgestone-es\/11r22-5-g-m760-ecopia-2\/","title":{"rendered":"11R22,5 G M760 ECOPIA"},"content":{"rendered":"<p>Cami\u00f3n\/Autob\u00fas Comercial. SmartWay verificado. Cami\u00f3n de servicio mediano Neum\u00e1tico radial de accionamiento premium de bajo consumo de combustible recomendado para aplicaciones de alta tracci\u00f3n en servicio de larga distancia \/ servicio de transporte regional y servicio de recogida y entrega.<\/p>\n","protected":false},"excerpt":{"rendered":"<p>Cami\u00f3n\/Autob\u00fas Comercial. SmartWay verificado. Cami\u00f3n de servicio mediano Neum\u00e1tico radial de accionamiento premium de bajo consumo de combustible recomendado para aplicaciones de alta tracci\u00f3n en servicio de larga distancia \/ servicio de transporte regional y servicio de recogida y entrega.<\/p>\n","protected":false},"featured_media":222028,"comment_status":"open","ping_status":"closed","template":"","meta":{"_acf_changed":false,"subheading":[]},"product_model":[25866],"product_brand":[],"product_cat":[19286,19288,19289,19332,16304,19323,19253],"product_tag":[],"class_list":{"0":"post-170098","1":"product","2":"type-product","3":"status-publish","4":"has-post-thumbnail","6":"product_model-m760-ecopia-es","7":"product_cat-camion-autobus-comercial","8":"product_cat-conducir","9":"product_cat-radial-es","10":"product_cat-servicio-regional","11":"product_cat-smartway","12":"product_cat-smartway-en-ingles","13":"product_cat-uncategorized","14":"pa_tire-size-11r22-5-es","16":"first","17":"instock","18":"shipping-taxable","19":"purchasable","20":"product-type-simple"},"acf":[],"_links":{"self":[{"href":"https:\/\/stmtires.com\/es\/wp-json\/wp\/v2\/product\/170098","targetHints":{"allow":["GET"]}}],"collection":[{"href":"https:\/\/stmtires.com\/es\/wp-json\/wp\/v2\/product"}],"about":[{"href":"https:\/\/stmtires.com\/es\/wp-json\/wp\/v2\/types\/product"}],"replies":[{"embeddable":true,"href":"https:\/\/stmtires.com\/es\/wp-json\/wp\/v2\/comments?post=170098"}],"wp:featuredmedia":[{"embeddable":true,"href":"https:\/\/stmtires.com\/es\/wp-json\/wp\/v2\/media\/222028"}],"wp:attachment":[{"href":"https:\/\/stmtires.com\/es\/wp-json\/wp\/v2\/media?parent=170098"}],"wp:term":[{"taxonomy":"product_model","embeddable":true,"href":"https:\/\/stmtires.com\/es\/wp-json\/wp\/v2\/product_model?post=170098"},{"taxonomy":"product_brand","embeddable":true,"href":"https:\/\/stmtires.com\/es\/wp-json\/wp\/v2\/product_brand?post=170098"},{"taxonomy":"product_cat","embeddable":true,"href":"https:\/\/stmtires.com\/es\/wp-json\/wp\/v2\/product_cat?post=170098"},{"taxonomy":"product_tag","embeddable":true,"href":"https:\/\/stmtires.com\/es\/wp-json\/wp\/v2\/product_tag?post=170098"}],"curies":[{"name":"wp","href":"https:\/\/api.w.org\/{rel}","templated":true}]}}