{"id":170156,"date":"2022-05-12T15:50:11","date_gmt":"2022-05-12T20:50:11","guid":{"rendered":"https:\/\/website.dev.stmtires.com\/shop\/sin categor\u00eda\/11r22-5-g-metro-radial-toda-la-posicion\/"},"modified":"2022-05-12T15:50:11","modified_gmt":"2022-05-12T20:50:11","slug":"11r22-5-g-radial-metro-toda-posicion","status":"publish","type":"product","link":"https:\/\/stmtires.com\/es\/shop\/dayton\/11r22-5-g-radial-metro-toda-posicion\/","title":{"rendered":"11R22.5 G METRO RADIAL TODA LA POSICI\u00d3N"},"content":{"rendered":"<p>Radial de todas las posiciones dise\u00f1ado para aplicaciones de direcci\u00f3n en el servicio regional de acarreo y P&amp;D.<\/p>\n","protected":false},"excerpt":{"rendered":"<p>Radial de todas las posiciones dise\u00f1ado para aplicaciones de direcci\u00f3n en el servicio regional de acarreo y P&amp;D.<\/p>\n","protected":false},"featured_media":221396,"comment_status":"open","ping_status":"closed","template":"","meta":{"_acf_changed":false,"subheading":[]},"product_model":[25894],"product_brand":[77],"product_cat":[19286,19321,19289,16266,19332,19316,19253],"product_tag":[],"class_list":{"0":"post-170156","1":"product","2":"type-product","3":"status-publish","4":"has-post-thumbnail","6":"product_model-radial-metro-all-position-es","7":"product_brand-dayton","8":"product_cat-camion-autobus-comercial","9":"product_cat-conducir-es","10":"product_cat-radial-es","11":"product_cat-regional-service","12":"product_cat-servicio-regional","13":"product_cat-todas-las-posiciones","14":"product_cat-uncategorized","15":"pa_tire-size-11r22-5-es","17":"first","18":"instock","19":"shipping-taxable","20":"purchasable","21":"product-type-simple"},"acf":[],"_links":{"self":[{"href":"https:\/\/stmtires.com\/es\/wp-json\/wp\/v2\/product\/170156","targetHints":{"allow":["GET"]}}],"collection":[{"href":"https:\/\/stmtires.com\/es\/wp-json\/wp\/v2\/product"}],"about":[{"href":"https:\/\/stmtires.com\/es\/wp-json\/wp\/v2\/types\/product"}],"replies":[{"embeddable":true,"href":"https:\/\/stmtires.com\/es\/wp-json\/wp\/v2\/comments?post=170156"}],"wp:featuredmedia":[{"embeddable":true,"href":"https:\/\/stmtires.com\/es\/wp-json\/wp\/v2\/media\/221396"}],"wp:attachment":[{"href":"https:\/\/stmtires.com\/es\/wp-json\/wp\/v2\/media?parent=170156"}],"wp:term":[{"taxonomy":"product_model","embeddable":true,"href":"https:\/\/stmtires.com\/es\/wp-json\/wp\/v2\/product_model?post=170156"},{"taxonomy":"product_brand","embeddable":true,"href":"https:\/\/stmtires.com\/es\/wp-json\/wp\/v2\/product_brand?post=170156"},{"taxonomy":"product_cat","embeddable":true,"href":"https:\/\/stmtires.com\/es\/wp-json\/wp\/v2\/product_cat?post=170156"},{"taxonomy":"product_tag","embeddable":true,"href":"https:\/\/stmtires.com\/es\/wp-json\/wp\/v2\/product_tag?post=170156"}],"curies":[{"name":"wp","href":"https:\/\/api.w.org\/{rel}","templated":true}]}}