{"id":170286,"date":"2022-05-12T11:44:56","date_gmt":"2022-05-12T16:44:56","guid":{"rendered":"https:\/\/website.dev.stmtires.com\/shop\/sin categor\u00eda\/p265-60r17-firehawk-pvs\/"},"modified":"2022-06-06T13:28:22","modified_gmt":"2022-06-06T18:28:22","slug":"p265-60r17-firehawk-pvs-2","status":"publish","type":"product","link":"https:\/\/stmtires.com\/es\/shop\/firestone-es\/p265-60r17-firehawk-pvs-2\/","title":{"rendered":"P265\/60R17 FIREHAWK PVS"},"content":{"rendered":"<p>Neum\u00e1tico de invierno para turismos de alto rendimiento. Neum\u00e1ticos Pursuit Vehicle Snow (PVS) especialmente dise\u00f1ados para la aplicaci\u00f3n de la ley y el uso de emergencia de alta velocidad en condiciones invernales.<\/p>\n","protected":false},"excerpt":{"rendered":"<p>Neum\u00e1tico de invierno para turismos de alto rendimiento. Neum\u00e1ticos Pursuit Vehicle Snow (PVS) especialmente dise\u00f1ados para la aplicaci\u00f3n de la ley y el uso de emergencia de alta velocidad en condiciones invernales.<\/p>\n","protected":false},"featured_media":0,"comment_status":"open","ping_status":"closed","template":"","meta":{"_acf_changed":false,"subheading":[]},"product_model":[25292],"product_brand":[15736],"product_cat":[19264,19242,19265,19253],"product_tag":[],"class_list":{"0":"post-170286","1":"product","2":"type-product","3":"status-publish","5":"product_model-firehawk-pvs-es","6":"product_brand-firestone-es","7":"product_cat-alto-rendimiento-hp","8":"product_cat-equipo-original-oe","9":"product_cat-invierno","10":"product_cat-uncategorized","11":"pa_tire-size-265-60r17-es","13":"first","14":"instock","15":"shipping-taxable","16":"purchasable","17":"product-type-simple"},"acf":[],"_links":{"self":[{"href":"https:\/\/stmtires.com\/es\/wp-json\/wp\/v2\/product\/170286","targetHints":{"allow":["GET"]}}],"collection":[{"href":"https:\/\/stmtires.com\/es\/wp-json\/wp\/v2\/product"}],"about":[{"href":"https:\/\/stmtires.com\/es\/wp-json\/wp\/v2\/types\/product"}],"replies":[{"embeddable":true,"href":"https:\/\/stmtires.com\/es\/wp-json\/wp\/v2\/comments?post=170286"}],"wp:attachment":[{"href":"https:\/\/stmtires.com\/es\/wp-json\/wp\/v2\/media?parent=170286"}],"wp:term":[{"taxonomy":"product_model","embeddable":true,"href":"https:\/\/stmtires.com\/es\/wp-json\/wp\/v2\/product_model?post=170286"},{"taxonomy":"product_brand","embeddable":true,"href":"https:\/\/stmtires.com\/es\/wp-json\/wp\/v2\/product_brand?post=170286"},{"taxonomy":"product_cat","embeddable":true,"href":"https:\/\/stmtires.com\/es\/wp-json\/wp\/v2\/product_cat?post=170286"},{"taxonomy":"product_tag","embeddable":true,"href":"https:\/\/stmtires.com\/es\/wp-json\/wp\/v2\/product_tag?post=170286"}],"curies":[{"name":"wp","href":"https:\/\/api.w.org\/{rel}","templated":true}]}}