{"id":170336,"date":"2022-05-12T18:12:13","date_gmt":"2022-05-12T23:12:13","guid":{"rendered":"https:\/\/website.dev.stmtires.com\/shop\/sin categor\u00eda\/11r225-g-tl-ty503\/"},"modified":"2022-05-12T18:12:13","modified_gmt":"2022-05-12T23:12:13","slug":"11r22-5-g-tl-ty503-2","status":"publish","type":"product","link":"https:\/\/stmtires.com\/es\/shop\/yokohama\/11r22-5-g-tl-ty503-2\/","title":{"rendered":"11R22,5 G TL TY503"},"content":{"rendered":"<p>Cami\u00f3n\/Autob\u00fas Comercial. Hombro abierto para cami\u00f3n de servicio mediano, neum\u00e1tico de accionamiento de larga distancia de profundidad completa 30\/32 que combina tracci\u00f3n en carretera con durabilidad.<\/p>\n","protected":false},"excerpt":{"rendered":"<p>Cami\u00f3n\/Autob\u00fas Comercial. Hombro abierto para cami\u00f3n de servicio mediano, neum\u00e1tico de accionamiento de larga distancia de profundidad completa 30\/32 que combina tracci\u00f3n en carretera con durabilidad.<\/p>\n","protected":false},"featured_media":0,"comment_status":"open","ping_status":"closed","template":"","meta":{"_acf_changed":false,"subheading":[]},"product_model":[25920],"product_brand":[54],"product_cat":[19286,19288,19310,16307,19287,19253],"product_tag":[],"class_list":{"0":"post-170336","1":"product","2":"type-product","3":"status-publish","5":"product_model-ty503-es","6":"product_brand-yokohama","7":"product_cat-camion-autobus-comercial","8":"product_cat-conducir","9":"product_cat-hombro-abierto","10":"product_cat-open-shoulder","11":"product_cat-servicio-de-autopistas","12":"product_cat-uncategorized","13":"pa_tire-size-11r22-5-es","15":"first","16":"instock","17":"shipping-taxable","18":"purchasable","19":"product-type-simple"},"acf":[],"_links":{"self":[{"href":"https:\/\/stmtires.com\/es\/wp-json\/wp\/v2\/product\/170336","targetHints":{"allow":["GET"]}}],"collection":[{"href":"https:\/\/stmtires.com\/es\/wp-json\/wp\/v2\/product"}],"about":[{"href":"https:\/\/stmtires.com\/es\/wp-json\/wp\/v2\/types\/product"}],"replies":[{"embeddable":true,"href":"https:\/\/stmtires.com\/es\/wp-json\/wp\/v2\/comments?post=170336"}],"wp:attachment":[{"href":"https:\/\/stmtires.com\/es\/wp-json\/wp\/v2\/media?parent=170336"}],"wp:term":[{"taxonomy":"product_model","embeddable":true,"href":"https:\/\/stmtires.com\/es\/wp-json\/wp\/v2\/product_model?post=170336"},{"taxonomy":"product_brand","embeddable":true,"href":"https:\/\/stmtires.com\/es\/wp-json\/wp\/v2\/product_brand?post=170336"},{"taxonomy":"product_cat","embeddable":true,"href":"https:\/\/stmtires.com\/es\/wp-json\/wp\/v2\/product_cat?post=170336"},{"taxonomy":"product_tag","embeddable":true,"href":"https:\/\/stmtires.com\/es\/wp-json\/wp\/v2\/product_tag?post=170336"}],"curies":[{"name":"wp","href":"https:\/\/api.w.org\/{rel}","templated":true}]}}