{"id":170458,"date":"2022-05-12T18:17:16","date_gmt":"2022-05-12T23:17:16","guid":{"rendered":"https:\/\/website.dev.stmtires.com\/shop\/sin categor\u00eda\/11r22-5-h-101zl-spec-2\/"},"modified":"2022-05-12T18:17:16","modified_gmt":"2022-05-12T23:17:16","slug":"11r22-5-h-101zl-spec-2-2","status":"publish","type":"product","link":"https:\/\/stmtires.com\/es\/shop\/yokohama\/11r22-5-h-101zl-spec-2-2\/","title":{"rendered":"11R22.5 H 101ZL SPEC-2"},"content":{"rendered":"<p>Cami\u00f3n\/Autob\u00fas Comercial. SmartWay Verified Medium-Duty Truck Radial All-Position \/ Steer Position Long-Haul neum\u00e1tico dise\u00f1ado para una vida \u00fatil m\u00e1s larga y un rendimiento excepcional.<\/p>\n","protected":false},"excerpt":{"rendered":"<p>Cami\u00f3n\/Autob\u00fas Comercial. SmartWay Verified Medium-Duty Truck Radial All-Position \/ Steer Position Long-Haul neum\u00e1tico dise\u00f1ado para una vida \u00fatil m\u00e1s larga y un rendimiento excepcional.<\/p>\n","protected":false},"featured_media":0,"comment_status":"open","ping_status":"closed","template":"","meta":{"_acf_changed":false,"subheading":[]},"product_model":[25929],"product_brand":[54],"product_cat":[19286,19321,19289,16304,19323,19316,19253],"product_tag":[],"class_list":{"0":"post-170458","1":"product","2":"type-product","3":"status-publish","5":"product_model-101zl-spec-2-es","6":"product_brand-yokohama","7":"product_cat-camion-autobus-comercial","8":"product_cat-conducir-es","9":"product_cat-radial-es","10":"product_cat-smartway","11":"product_cat-smartway-en-ingles","12":"product_cat-todas-las-posiciones","13":"product_cat-uncategorized","14":"pa_tire-size-11r22-5-es","16":"first","17":"instock","18":"shipping-taxable","19":"purchasable","20":"product-type-simple"},"acf":[],"_links":{"self":[{"href":"https:\/\/stmtires.com\/es\/wp-json\/wp\/v2\/product\/170458","targetHints":{"allow":["GET"]}}],"collection":[{"href":"https:\/\/stmtires.com\/es\/wp-json\/wp\/v2\/product"}],"about":[{"href":"https:\/\/stmtires.com\/es\/wp-json\/wp\/v2\/types\/product"}],"replies":[{"embeddable":true,"href":"https:\/\/stmtires.com\/es\/wp-json\/wp\/v2\/comments?post=170458"}],"wp:attachment":[{"href":"https:\/\/stmtires.com\/es\/wp-json\/wp\/v2\/media?parent=170458"}],"wp:term":[{"taxonomy":"product_model","embeddable":true,"href":"https:\/\/stmtires.com\/es\/wp-json\/wp\/v2\/product_model?post=170458"},{"taxonomy":"product_brand","embeddable":true,"href":"https:\/\/stmtires.com\/es\/wp-json\/wp\/v2\/product_brand?post=170458"},{"taxonomy":"product_cat","embeddable":true,"href":"https:\/\/stmtires.com\/es\/wp-json\/wp\/v2\/product_cat?post=170458"},{"taxonomy":"product_tag","embeddable":true,"href":"https:\/\/stmtires.com\/es\/wp-json\/wp\/v2\/product_tag?post=170458"}],"curies":[{"name":"wp","href":"https:\/\/api.w.org\/{rel}","templated":true}]}}