{"id":170845,"date":"2022-05-12T15:36:48","date_gmt":"2022-05-12T20:36:48","guid":{"rendered":"https:\/\/website.dev.stmtires.com\/shop\/sin categor\u00eda\/11r22-5-h-m775\/"},"modified":"2022-05-12T15:36:48","modified_gmt":"2022-05-12T20:36:48","slug":"11r22-5-h-m775-2","status":"publish","type":"product","link":"https:\/\/stmtires.com\/es\/shop\/bridgestone-es\/11r22-5-h-m775-2\/","title":{"rendered":"11R22.5 H M775"},"content":{"rendered":"<p>Cami\u00f3n\/Autob\u00fas Comercial. Neum\u00e1tico radial de eje de transmisi\u00f3n de cami\u00f3n de servicio mediano en \/ fuera de carretera recomendado para posiciones de conducci\u00f3n en servicio severo, como registro y uso de campos petroleros.<\/p>\n","protected":false},"excerpt":{"rendered":"<p>Cami\u00f3n\/Autob\u00fas Comercial. Neum\u00e1tico radial de eje de transmisi\u00f3n de cami\u00f3n de servicio mediano en \/ fuera de carretera recomendado para posiciones de conducci\u00f3n en servicio severo, como registro y uso de campos petroleros.<\/p>\n","protected":false},"featured_media":221390,"comment_status":"open","ping_status":"closed","template":"","meta":{"_acf_changed":false,"subheading":[]},"product_model":[25883],"product_brand":[],"product_cat":[19286,19288,16272,19289,19287,19301,19253],"product_tag":[],"class_list":{"0":"post-170845","1":"product","2":"type-product","3":"status-publish","4":"has-post-thumbnail","6":"product_model-m775-es","7":"product_cat-camion-autobus-comercial","8":"product_cat-conducir","9":"product_cat-on-off-highway-service","10":"product_cat-radial-es","11":"product_cat-servicio-de-autopistas","12":"product_cat-servicio-on-off-highway","13":"product_cat-uncategorized","14":"pa_tire-size-11r22-5-es","16":"first","17":"instock","18":"shipping-taxable","19":"purchasable","20":"product-type-simple"},"acf":[],"_links":{"self":[{"href":"https:\/\/stmtires.com\/es\/wp-json\/wp\/v2\/product\/170845","targetHints":{"allow":["GET"]}}],"collection":[{"href":"https:\/\/stmtires.com\/es\/wp-json\/wp\/v2\/product"}],"about":[{"href":"https:\/\/stmtires.com\/es\/wp-json\/wp\/v2\/types\/product"}],"replies":[{"embeddable":true,"href":"https:\/\/stmtires.com\/es\/wp-json\/wp\/v2\/comments?post=170845"}],"wp:featuredmedia":[{"embeddable":true,"href":"https:\/\/stmtires.com\/es\/wp-json\/wp\/v2\/media\/221390"}],"wp:attachment":[{"href":"https:\/\/stmtires.com\/es\/wp-json\/wp\/v2\/media?parent=170845"}],"wp:term":[{"taxonomy":"product_model","embeddable":true,"href":"https:\/\/stmtires.com\/es\/wp-json\/wp\/v2\/product_model?post=170845"},{"taxonomy":"product_brand","embeddable":true,"href":"https:\/\/stmtires.com\/es\/wp-json\/wp\/v2\/product_brand?post=170845"},{"taxonomy":"product_cat","embeddable":true,"href":"https:\/\/stmtires.com\/es\/wp-json\/wp\/v2\/product_cat?post=170845"},{"taxonomy":"product_tag","embeddable":true,"href":"https:\/\/stmtires.com\/es\/wp-json\/wp\/v2\/product_tag?post=170845"}],"curies":[{"name":"wp","href":"https:\/\/api.w.org\/{rel}","templated":true}]}}