{"id":170854,"date":"2022-05-12T15:52:11","date_gmt":"2022-05-12T20:52:11","guid":{"rendered":"https:\/\/website.dev.stmtires.com\/shop\/sin categor\u00eda\/11r22-5-h-m850\/"},"modified":"2022-05-12T15:52:11","modified_gmt":"2022-05-12T20:52:11","slug":"11r22-5-h-m850-2","status":"publish","type":"product","link":"https:\/\/stmtires.com\/es\/shop\/bridgestone-es\/11r22-5-h-m850-2\/","title":{"rendered":"11R22.5 H M850"},"content":{"rendered":"<p>Cami\u00f3n\/Autob\u00fas Comercial. Cami\u00f3n de servicio mediano Llanta radial de posici\u00f3n completa on\/off-highway.<\/p>\n","protected":false},"excerpt":{"rendered":"<p>Cami\u00f3n\/Autob\u00fas Comercial. Cami\u00f3n de servicio mediano Llanta radial de posici\u00f3n completa on\/off-highway.<\/p>\n","protected":false},"featured_media":222304,"comment_status":"open","ping_status":"closed","template":"","meta":{"_acf_changed":false,"subheading":[]},"product_model":[25878],"product_brand":[],"product_cat":[19286,19242,19289,19287,19301,19316,19253],"product_tag":[],"class_list":{"0":"post-170854","1":"product","2":"type-product","3":"status-publish","4":"has-post-thumbnail","6":"product_model-m850-es","7":"product_cat-camion-autobus-comercial","8":"product_cat-equipo-original-oe","9":"product_cat-radial-es","10":"product_cat-servicio-de-autopistas","11":"product_cat-servicio-on-off-highway","12":"product_cat-todas-las-posiciones","13":"product_cat-uncategorized","14":"pa_tire-size-11r22-5-es","16":"first","17":"instock","18":"shipping-taxable","19":"purchasable","20":"product-type-simple"},"acf":[],"_links":{"self":[{"href":"https:\/\/stmtires.com\/es\/wp-json\/wp\/v2\/product\/170854","targetHints":{"allow":["GET"]}}],"collection":[{"href":"https:\/\/stmtires.com\/es\/wp-json\/wp\/v2\/product"}],"about":[{"href":"https:\/\/stmtires.com\/es\/wp-json\/wp\/v2\/types\/product"}],"replies":[{"embeddable":true,"href":"https:\/\/stmtires.com\/es\/wp-json\/wp\/v2\/comments?post=170854"}],"wp:featuredmedia":[{"embeddable":true,"href":"https:\/\/stmtires.com\/es\/wp-json\/wp\/v2\/media\/222304"}],"wp:attachment":[{"href":"https:\/\/stmtires.com\/es\/wp-json\/wp\/v2\/media?parent=170854"}],"wp:term":[{"taxonomy":"product_model","embeddable":true,"href":"https:\/\/stmtires.com\/es\/wp-json\/wp\/v2\/product_model?post=170854"},{"taxonomy":"product_brand","embeddable":true,"href":"https:\/\/stmtires.com\/es\/wp-json\/wp\/v2\/product_brand?post=170854"},{"taxonomy":"product_cat","embeddable":true,"href":"https:\/\/stmtires.com\/es\/wp-json\/wp\/v2\/product_cat?post=170854"},{"taxonomy":"product_tag","embeddable":true,"href":"https:\/\/stmtires.com\/es\/wp-json\/wp\/v2\/product_tag?post=170854"}],"curies":[{"name":"wp","href":"https:\/\/api.w.org\/{rel}","templated":true}]}}