{"id":170959,"date":"2022-05-12T10:39:12","date_gmt":"2022-05-12T15:39:12","guid":{"rendered":"https:\/\/website.dev.stmtires.com\/shop\/sin categor\u00eda\/11r22-5-h-t819-radial\/"},"modified":"2022-05-12T10:39:12","modified_gmt":"2022-05-12T15:39:12","slug":"11r22-5-h-t819-radial-2","status":"publish","type":"product","link":"https:\/\/stmtires.com\/es\/shop\/firestone-es\/11r22-5-h-t819-radial-2\/","title":{"rendered":"11R22.5 H T819 RADIAL"},"content":{"rendered":"<p>Cami\u00f3n\/Autob\u00fas Comercial. Neum\u00e1tico radial de todas las posiciones de cami\u00f3n de servicio mediano dise\u00f1ado para posiciones de direcci\u00f3n \/ conducci\u00f3n y remolque en servicio on \/ off highway.<\/p>\n","protected":false},"excerpt":{"rendered":"<p>Cami\u00f3n\/Autob\u00fas Comercial. Neum\u00e1tico radial de todas las posiciones de cami\u00f3n de servicio mediano dise\u00f1ado para posiciones de direcci\u00f3n \/ conducci\u00f3n y remolque en servicio on \/ off highway.<\/p>\n","protected":false},"featured_media":0,"comment_status":"open","ping_status":"closed","template":"","meta":{"_acf_changed":false,"subheading":[]},"product_model":[22461],"product_brand":[15736],"product_cat":[19314,19286,19321,19288,19336,19289,19287,19301,19316,19253],"product_tag":[],"class_list":{"0":"post-170959","1":"product","2":"type-product","3":"status-publish","5":"product_model-t819-radial-es-2","6":"product_brand-firestone-es","7":"product_cat-bloquear","8":"product_cat-camion-autobus-comercial","9":"product_cat-conducir-es","10":"product_cat-conducir","11":"product_cat-posicion-del-remolque","12":"product_cat-radial-es","13":"product_cat-servicio-de-autopistas","14":"product_cat-servicio-on-off-highway","15":"product_cat-todas-las-posiciones","16":"product_cat-uncategorized","17":"pa_tire-size-11r22-5-es","19":"first","20":"instock","21":"shipping-taxable","22":"purchasable","23":"product-type-simple"},"acf":[],"_links":{"self":[{"href":"https:\/\/stmtires.com\/es\/wp-json\/wp\/v2\/product\/170959","targetHints":{"allow":["GET"]}}],"collection":[{"href":"https:\/\/stmtires.com\/es\/wp-json\/wp\/v2\/product"}],"about":[{"href":"https:\/\/stmtires.com\/es\/wp-json\/wp\/v2\/types\/product"}],"replies":[{"embeddable":true,"href":"https:\/\/stmtires.com\/es\/wp-json\/wp\/v2\/comments?post=170959"}],"wp:attachment":[{"href":"https:\/\/stmtires.com\/es\/wp-json\/wp\/v2\/media?parent=170959"}],"wp:term":[{"taxonomy":"product_model","embeddable":true,"href":"https:\/\/stmtires.com\/es\/wp-json\/wp\/v2\/product_model?post=170959"},{"taxonomy":"product_brand","embeddable":true,"href":"https:\/\/stmtires.com\/es\/wp-json\/wp\/v2\/product_brand?post=170959"},{"taxonomy":"product_cat","embeddable":true,"href":"https:\/\/stmtires.com\/es\/wp-json\/wp\/v2\/product_cat?post=170959"},{"taxonomy":"product_tag","embeddable":true,"href":"https:\/\/stmtires.com\/es\/wp-json\/wp\/v2\/product_tag?post=170959"}],"curies":[{"name":"wp","href":"https:\/\/api.w.org\/{rel}","templated":true}]}}