{"id":171167,"date":"2022-05-12T11:48:05","date_gmt":"2022-05-12T16:48:05","guid":{"rendered":"https:\/\/website.dev.stmtires.com\/shop\/sin categor\u00eda\/11r22-5-h-x-funciona-xdy\/"},"modified":"2022-05-12T11:48:05","modified_gmt":"2022-05-12T16:48:05","slug":"11r22-5-h-x-works-xdy-2","status":"publish","type":"product","link":"https:\/\/stmtires.com\/es\/shop\/michelin-es\/11r22-5-h-x-works-xdy-2\/","title":{"rendered":"11R22.5 H X FUNCIONA XDY"},"content":{"rendered":"<p>Cami\u00f3n\/Autob\u00fas Comercial. Neum\u00e1tico de accionamiento de cami\u00f3n de servicio mediano optimizado para una tracci\u00f3n y desgaste excepcionales en un servicio mixto y severo para aplicaciones dentro \/ fuera de la carretera.<\/p>\n","protected":false},"excerpt":{"rendered":"<p>Cami\u00f3n\/Autob\u00fas Comercial. Neum\u00e1tico de accionamiento de cami\u00f3n de servicio mediano optimizado para una tracci\u00f3n y desgaste excepcionales en un servicio mixto y severo para aplicaciones dentro \/ fuera de la carretera.<\/p>\n","protected":false},"featured_media":0,"comment_status":"open","ping_status":"closed","template":"","meta":{"_acf_changed":false,"subheading":[]},"product_model":[25572],"product_brand":[15734],"product_cat":[19288,19253],"product_tag":[],"class_list":{"0":"post-171167","1":"product","2":"type-product","3":"status-publish","5":"product_model-x-works-xdy-es","6":"product_brand-michelin-es","7":"product_cat-conducir","8":"product_cat-uncategorized","9":"pa_tire-size-11r22-5-es","11":"first","12":"instock","13":"shipping-taxable","14":"purchasable","15":"product-type-simple"},"acf":[],"_links":{"self":[{"href":"https:\/\/stmtires.com\/es\/wp-json\/wp\/v2\/product\/171167","targetHints":{"allow":["GET"]}}],"collection":[{"href":"https:\/\/stmtires.com\/es\/wp-json\/wp\/v2\/product"}],"about":[{"href":"https:\/\/stmtires.com\/es\/wp-json\/wp\/v2\/types\/product"}],"replies":[{"embeddable":true,"href":"https:\/\/stmtires.com\/es\/wp-json\/wp\/v2\/comments?post=171167"}],"wp:attachment":[{"href":"https:\/\/stmtires.com\/es\/wp-json\/wp\/v2\/media?parent=171167"}],"wp:term":[{"taxonomy":"product_model","embeddable":true,"href":"https:\/\/stmtires.com\/es\/wp-json\/wp\/v2\/product_model?post=171167"},{"taxonomy":"product_brand","embeddable":true,"href":"https:\/\/stmtires.com\/es\/wp-json\/wp\/v2\/product_brand?post=171167"},{"taxonomy":"product_cat","embeddable":true,"href":"https:\/\/stmtires.com\/es\/wp-json\/wp\/v2\/product_cat?post=171167"},{"taxonomy":"product_tag","embeddable":true,"href":"https:\/\/stmtires.com\/es\/wp-json\/wp\/v2\/product_tag?post=171167"}],"curies":[{"name":"wp","href":"https:\/\/api.w.org\/{rel}","templated":true}]}}