{"id":171178,"date":"2022-05-12T10:39:26","date_gmt":"2022-05-12T15:39:26","guid":{"rendered":"https:\/\/website.dev.stmtires.com\/shop\/sin categor\u00eda\/11r225-h-xdn2\/"},"modified":"2022-05-12T10:39:26","modified_gmt":"2022-05-12T15:39:26","slug":"11r22-5-h-xdn2-2","status":"publish","type":"product","link":"https:\/\/stmtires.com\/es\/shop\/michelin-es\/11r22-5-h-xdn2-2\/","title":{"rendered":"11R22,5 H XDN2"},"content":{"rendered":"<p>Cami\u00f3n\/Autob\u00fas Comercial. Neum\u00e1tico All Weather Medium-Duty Truck Premium Drive para una tracci\u00f3n y kilometraje excepcionales en aplicaciones de transporte en l\u00ednea.<\/p>\n","protected":false},"excerpt":{"rendered":"<p>Cami\u00f3n\/Autob\u00fas Comercial. Neum\u00e1tico All Weather Medium-Duty Truck Premium Drive para una tracci\u00f3n y kilometraje excepcionales en aplicaciones de transporte en l\u00ednea.<\/p>\n","protected":false},"featured_media":225516,"comment_status":"open","ping_status":"closed","template":"","meta":{"_acf_changed":false,"subheading":[]},"product_model":[25319],"product_brand":[15734],"product_cat":[19288,19253],"product_tag":[],"class_list":{"0":"post-171178","1":"product","2":"type-product","3":"status-publish","4":"has-post-thumbnail","6":"product_model-xdn2-es","7":"product_brand-michelin-es","8":"product_cat-conducir","9":"product_cat-uncategorized","10":"pa_tire-size-11r22-5-es","12":"first","13":"instock","14":"shipping-taxable","15":"purchasable","16":"product-type-simple"},"acf":[],"_links":{"self":[{"href":"https:\/\/stmtires.com\/es\/wp-json\/wp\/v2\/product\/171178","targetHints":{"allow":["GET"]}}],"collection":[{"href":"https:\/\/stmtires.com\/es\/wp-json\/wp\/v2\/product"}],"about":[{"href":"https:\/\/stmtires.com\/es\/wp-json\/wp\/v2\/types\/product"}],"replies":[{"embeddable":true,"href":"https:\/\/stmtires.com\/es\/wp-json\/wp\/v2\/comments?post=171178"}],"wp:featuredmedia":[{"embeddable":true,"href":"https:\/\/stmtires.com\/es\/wp-json\/wp\/v2\/media\/225516"}],"wp:attachment":[{"href":"https:\/\/stmtires.com\/es\/wp-json\/wp\/v2\/media?parent=171178"}],"wp:term":[{"taxonomy":"product_model","embeddable":true,"href":"https:\/\/stmtires.com\/es\/wp-json\/wp\/v2\/product_model?post=171178"},{"taxonomy":"product_brand","embeddable":true,"href":"https:\/\/stmtires.com\/es\/wp-json\/wp\/v2\/product_brand?post=171178"},{"taxonomy":"product_cat","embeddable":true,"href":"https:\/\/stmtires.com\/es\/wp-json\/wp\/v2\/product_cat?post=171178"},{"taxonomy":"product_tag","embeddable":true,"href":"https:\/\/stmtires.com\/es\/wp-json\/wp\/v2\/product_tag?post=171178"}],"curies":[{"name":"wp","href":"https:\/\/api.w.org\/{rel}","templated":true}]}}