{"id":171224,"date":"2022-05-12T15:52:42","date_gmt":"2022-05-12T20:52:42","guid":{"rendered":"https:\/\/website.dev.stmtires.com\/shop\/sin categor\u00eda\/11r22-5-m840\/"},"modified":"2022-05-12T15:52:42","modified_gmt":"2022-05-12T20:52:42","slug":"11r22-5-m840-2","status":"publish","type":"product","link":"https:\/\/stmtires.com\/es\/shop\/bridgestone-es\/11r22-5-m840-2\/","title":{"rendered":"11R22.5 M840"},"content":{"rendered":"<p>Cami\u00f3n\/Autob\u00fas Comercial. Cami\u00f3n de servicio mediano en todo tipo de neum\u00e1tico radial de posici\u00f3n en carretera recomendado para la direcci\u00f3n, la conducci\u00f3n y la posici\u00f3n del remolque en el servicio dentro \/ fuera de la carretera.<\/p>\n","protected":false},"excerpt":{"rendered":"<p>Cami\u00f3n\/Autob\u00fas Comercial. Cami\u00f3n de servicio mediano en todo tipo de neum\u00e1tico radial de posici\u00f3n en carretera recomendado para la direcci\u00f3n, la conducci\u00f3n y la posici\u00f3n del remolque en el servicio dentro \/ fuera de la carretera.<\/p>\n","protected":false},"featured_media":221271,"comment_status":"open","ping_status":"closed","template":"","meta":{"_acf_changed":false,"subheading":[]},"product_model":[25882],"product_brand":[],"product_cat":[19286,19288,19321,19336,19289,19287,19301,19316,19253],"product_tag":[],"class_list":{"0":"post-171224","1":"product","2":"type-product","3":"status-publish","4":"has-post-thumbnail","6":"product_model-m840-es","7":"product_cat-camion-autobus-comercial","8":"product_cat-conducir","9":"product_cat-conducir-es","10":"product_cat-posicion-del-remolque","11":"product_cat-radial-es","12":"product_cat-servicio-de-autopistas","13":"product_cat-servicio-on-off-highway","14":"product_cat-todas-las-posiciones","15":"product_cat-uncategorized","16":"pa_tire-size-11r22-5-es","18":"first","19":"instock","20":"shipping-taxable","21":"purchasable","22":"product-type-simple"},"acf":[],"_links":{"self":[{"href":"https:\/\/stmtires.com\/es\/wp-json\/wp\/v2\/product\/171224","targetHints":{"allow":["GET"]}}],"collection":[{"href":"https:\/\/stmtires.com\/es\/wp-json\/wp\/v2\/product"}],"about":[{"href":"https:\/\/stmtires.com\/es\/wp-json\/wp\/v2\/types\/product"}],"replies":[{"embeddable":true,"href":"https:\/\/stmtires.com\/es\/wp-json\/wp\/v2\/comments?post=171224"}],"wp:featuredmedia":[{"embeddable":true,"href":"https:\/\/stmtires.com\/es\/wp-json\/wp\/v2\/media\/221271"}],"wp:attachment":[{"href":"https:\/\/stmtires.com\/es\/wp-json\/wp\/v2\/media?parent=171224"}],"wp:term":[{"taxonomy":"product_model","embeddable":true,"href":"https:\/\/stmtires.com\/es\/wp-json\/wp\/v2\/product_model?post=171224"},{"taxonomy":"product_brand","embeddable":true,"href":"https:\/\/stmtires.com\/es\/wp-json\/wp\/v2\/product_brand?post=171224"},{"taxonomy":"product_cat","embeddable":true,"href":"https:\/\/stmtires.com\/es\/wp-json\/wp\/v2\/product_cat?post=171224"},{"taxonomy":"product_tag","embeddable":true,"href":"https:\/\/stmtires.com\/es\/wp-json\/wp\/v2\/product_tag?post=171224"}],"curies":[{"name":"wp","href":"https:\/\/api.w.org\/{rel}","templated":true}]}}