{"id":171236,"date":"2022-05-12T15:45:11","date_gmt":"2022-05-12T20:45:11","guid":{"rendered":"https:\/\/website.dev.stmtires.com\/shop\/sin categor\u00eda\/11r22-5-radial-on-off-highway-toda-la-posicion\/"},"modified":"2022-05-12T15:45:11","modified_gmt":"2022-05-12T20:45:11","slug":"11r22-5-radial-on-off-highway-all-position-2","status":"publish","type":"product","link":"https:\/\/stmtires.com\/es\/shop\/dayton\/11r22-5-radial-on-off-highway-all-position-2\/","title":{"rendered":"11R22.5 RADIAL ON\/OFF HIGHWAY TODA LA POSICI\u00d3N"},"content":{"rendered":"<p>Rendimiento robusto para vertederos, basura, construcci\u00f3n, tala. Aplicaci\u00f3n ideal: On\/Off Highway<\/p>\n","protected":false},"excerpt":{"rendered":"<p>Rendimiento robusto para vertederos, basura, construcci\u00f3n, tala. Aplicaci\u00f3n ideal: On\/Off Highway<\/p>\n","protected":false},"featured_media":222556,"comment_status":"open","ping_status":"closed","template":"","meta":{"_acf_changed":false,"subheading":[]},"product_model":[25895],"product_brand":[77],"product_cat":[19253],"product_tag":[],"class_list":{"0":"post-171236","1":"product","2":"type-product","3":"status-publish","4":"has-post-thumbnail","6":"product_model-radial-on-off-highway-all-position-es","7":"product_brand-dayton","8":"product_cat-uncategorized","9":"pa_tire-size-11r22-5-es","11":"first","12":"instock","13":"shipping-taxable","14":"purchasable","15":"product-type-simple"},"acf":[],"_links":{"self":[{"href":"https:\/\/stmtires.com\/es\/wp-json\/wp\/v2\/product\/171236","targetHints":{"allow":["GET"]}}],"collection":[{"href":"https:\/\/stmtires.com\/es\/wp-json\/wp\/v2\/product"}],"about":[{"href":"https:\/\/stmtires.com\/es\/wp-json\/wp\/v2\/types\/product"}],"replies":[{"embeddable":true,"href":"https:\/\/stmtires.com\/es\/wp-json\/wp\/v2\/comments?post=171236"}],"wp:featuredmedia":[{"embeddable":true,"href":"https:\/\/stmtires.com\/es\/wp-json\/wp\/v2\/media\/222556"}],"wp:attachment":[{"href":"https:\/\/stmtires.com\/es\/wp-json\/wp\/v2\/media?parent=171236"}],"wp:term":[{"taxonomy":"product_model","embeddable":true,"href":"https:\/\/stmtires.com\/es\/wp-json\/wp\/v2\/product_model?post=171236"},{"taxonomy":"product_brand","embeddable":true,"href":"https:\/\/stmtires.com\/es\/wp-json\/wp\/v2\/product_brand?post=171236"},{"taxonomy":"product_cat","embeddable":true,"href":"https:\/\/stmtires.com\/es\/wp-json\/wp\/v2\/product_cat?post=171236"},{"taxonomy":"product_tag","embeddable":true,"href":"https:\/\/stmtires.com\/es\/wp-json\/wp\/v2\/product_tag?post=171236"}],"curies":[{"name":"wp","href":"https:\/\/api.w.org\/{rel}","templated":true}]}}