{"id":171910,"date":"2022-05-12T10:13:27","date_gmt":"2022-05-12T15:13:27","guid":{"rendered":"https:\/\/website.dev.stmtires.com\/shop\/sin categor\u00eda\/p245-45zr17-firehawk-sz50-ep-rft-uni-t\/"},"modified":"2022-05-12T10:13:27","modified_gmt":"2022-05-12T15:13:27","slug":"p245-45zr17-firehawk-sz50-ep-rft-uni-t-2","status":"publish","type":"product","link":"https:\/\/stmtires.com\/es\/shop\/tires\/p245-45zr17-firehawk-sz50-ep-rft-uni-t-2\/","title":{"rendered":"P245\/45ZR17 FIREHAWK SZ50 EP RFT UNI-T"},"content":{"rendered":"<p>Neum\u00e1tico de autom\u00f3vil de pasajeros de ultra alto rendimiento con tecnolog\u00eda Run Flat.<\/p>\n","protected":false},"excerpt":{"rendered":"<p>Neum\u00e1tico de autom\u00f3vil de pasajeros de ultra alto rendimiento con tecnolog\u00eda Run Flat.<\/p>\n","protected":false},"featured_media":0,"comment_status":"open","ping_status":"closed","template":"","meta":{"_acf_changed":false,"subheading":[]},"product_model":[25396],"product_brand":[],"product_cat":[19253],"product_tag":[],"class_list":{"0":"post-171910","1":"product","2":"type-product","3":"status-publish","5":"product_model-firehawk-sz50-ep-rft-uni-t-es","6":"product_cat-uncategorized","8":"first","9":"instock","10":"shipping-taxable","11":"purchasable","12":"product-type-simple"},"acf":[],"_links":{"self":[{"href":"https:\/\/stmtires.com\/es\/wp-json\/wp\/v2\/product\/171910","targetHints":{"allow":["GET"]}}],"collection":[{"href":"https:\/\/stmtires.com\/es\/wp-json\/wp\/v2\/product"}],"about":[{"href":"https:\/\/stmtires.com\/es\/wp-json\/wp\/v2\/types\/product"}],"replies":[{"embeddable":true,"href":"https:\/\/stmtires.com\/es\/wp-json\/wp\/v2\/comments?post=171910"}],"wp:attachment":[{"href":"https:\/\/stmtires.com\/es\/wp-json\/wp\/v2\/media?parent=171910"}],"wp:term":[{"taxonomy":"product_model","embeddable":true,"href":"https:\/\/stmtires.com\/es\/wp-json\/wp\/v2\/product_model?post=171910"},{"taxonomy":"product_brand","embeddable":true,"href":"https:\/\/stmtires.com\/es\/wp-json\/wp\/v2\/product_brand?post=171910"},{"taxonomy":"product_cat","embeddable":true,"href":"https:\/\/stmtires.com\/es\/wp-json\/wp\/v2\/product_cat?post=171910"},{"taxonomy":"product_tag","embeddable":true,"href":"https:\/\/stmtires.com\/es\/wp-json\/wp\/v2\/product_tag?post=171910"}],"curies":[{"name":"wp","href":"https:\/\/api.w.org\/{rel}","templated":true}]}}