{"id":172026,"date":"2022-05-12T16:08:39","date_gmt":"2022-05-12T21:08:39","guid":{"rendered":"https:\/\/website.dev.stmtires.com\/shop\/sin categor\u00eda\/11r24-5-g-doble-moneda-ft105\/"},"modified":"2022-05-12T16:08:39","modified_gmt":"2022-05-12T21:08:39","slug":"11r24-5-g-doble-moneda-ft105","status":"publish","type":"product","link":"https:\/\/stmtires.com\/es\/shop\/double-coin\/11r24-5-g-doble-moneda-ft105\/","title":{"rendered":"11R24.5 G DOBLE MONEDA FT105"},"content":{"rendered":"<p>Cami\u00f3n\/Autob\u00fas Comercial. SmartWay Verified Neum\u00e1tico de posici\u00f3n de remolque de cami\u00f3n de servicio mediano construido para m\u00faltiples aplicaciones. Serie OptiGreen.<\/p>\n","protected":false},"excerpt":{"rendered":"<p>Cami\u00f3n\/Autob\u00fas Comercial. SmartWay Verified Neum\u00e1tico de posici\u00f3n de remolque de cami\u00f3n de servicio mediano construido para m\u00faltiples aplicaciones. Serie OptiGreen.<\/p>\n","protected":false},"featured_media":0,"comment_status":"open","ping_status":"closed","template":"","meta":{"_acf_changed":false,"subheading":[]},"product_model":[25902],"product_brand":[103],"product_cat":[19286,19336,16304,19323,26129,19253],"product_tag":[],"class_list":{"0":"post-172026","1":"product","2":"type-product","3":"status-publish","5":"product_model-double-coin-ft105-es","6":"product_brand-double-coin","7":"product_cat-camion-autobus-comercial","8":"product_cat-posicion-del-remolque","9":"product_cat-smartway","10":"product_cat-smartway-en-ingles","11":"product_cat-tractor-es","12":"product_cat-uncategorized","13":"pa_tire-size-11r24-5-es","15":"first","16":"instock","17":"shipping-taxable","18":"purchasable","19":"product-type-simple"},"acf":[],"_links":{"self":[{"href":"https:\/\/stmtires.com\/es\/wp-json\/wp\/v2\/product\/172026","targetHints":{"allow":["GET"]}}],"collection":[{"href":"https:\/\/stmtires.com\/es\/wp-json\/wp\/v2\/product"}],"about":[{"href":"https:\/\/stmtires.com\/es\/wp-json\/wp\/v2\/types\/product"}],"replies":[{"embeddable":true,"href":"https:\/\/stmtires.com\/es\/wp-json\/wp\/v2\/comments?post=172026"}],"wp:attachment":[{"href":"https:\/\/stmtires.com\/es\/wp-json\/wp\/v2\/media?parent=172026"}],"wp:term":[{"taxonomy":"product_model","embeddable":true,"href":"https:\/\/stmtires.com\/es\/wp-json\/wp\/v2\/product_model?post=172026"},{"taxonomy":"product_brand","embeddable":true,"href":"https:\/\/stmtires.com\/es\/wp-json\/wp\/v2\/product_brand?post=172026"},{"taxonomy":"product_cat","embeddable":true,"href":"https:\/\/stmtires.com\/es\/wp-json\/wp\/v2\/product_cat?post=172026"},{"taxonomy":"product_tag","embeddable":true,"href":"https:\/\/stmtires.com\/es\/wp-json\/wp\/v2\/product_tag?post=172026"}],"curies":[{"name":"wp","href":"https:\/\/api.w.org\/{rel}","templated":true}]}}