{"id":172045,"date":"2022-05-12T14:35:47","date_gmt":"2022-05-12T19:35:47","guid":{"rendered":"https:\/\/website.dev.stmtires.com\/shop\/sin categor\u00eda\/p235-75r16-xl-laredo-awr\/"},"modified":"2022-05-12T14:35:47","modified_gmt":"2022-05-12T19:35:47","slug":"p235-75r16-xl-laredo-awr-2-2","status":"publish","type":"product","link":"https:\/\/stmtires.com\/es\/shop\/uniroyal\/p235-75r16-xl-laredo-awr-2-2\/","title":{"rendered":"P235\/75R16\/XL LAREDO AWR"},"content":{"rendered":"<p>Un viaje suave y c\u00f3modo con un dise\u00f1o all-season, espec\u00edficamente ajustado para cumplir con los exigentes requisitos de O.E. para aplicaciones de camionetas ligeras SUV.<\/p>\n","protected":false},"excerpt":{"rendered":"<p>Un viaje suave y c\u00f3modo con un dise\u00f1o all-season, espec\u00edficamente ajustado para cumplir con los exigentes requisitos de O.E. para aplicaciones de camionetas ligeras SUV.<\/p>\n","protected":false},"featured_media":0,"comment_status":"open","ping_status":"closed","template":"","meta":{"_acf_changed":false,"subheading":[]},"product_model":[25680],"product_brand":[36],"product_cat":[23763,19253],"product_tag":[],"class_list":{"0":"post-172045","1":"product","2":"type-product","3":"status-publish","5":"product_model-laredo-awr-es","6":"product_brand-uniroyal","7":"product_cat-uncategorized-es","8":"product_cat-uncategorized","9":"pa_tire-size-235-75r16-es","11":"first","12":"instock","13":"shipping-taxable","14":"purchasable","15":"product-type-simple"},"acf":[],"_links":{"self":[{"href":"https:\/\/stmtires.com\/es\/wp-json\/wp\/v2\/product\/172045","targetHints":{"allow":["GET"]}}],"collection":[{"href":"https:\/\/stmtires.com\/es\/wp-json\/wp\/v2\/product"}],"about":[{"href":"https:\/\/stmtires.com\/es\/wp-json\/wp\/v2\/types\/product"}],"replies":[{"embeddable":true,"href":"https:\/\/stmtires.com\/es\/wp-json\/wp\/v2\/comments?post=172045"}],"wp:attachment":[{"href":"https:\/\/stmtires.com\/es\/wp-json\/wp\/v2\/media?parent=172045"}],"wp:term":[{"taxonomy":"product_model","embeddable":true,"href":"https:\/\/stmtires.com\/es\/wp-json\/wp\/v2\/product_model?post=172045"},{"taxonomy":"product_brand","embeddable":true,"href":"https:\/\/stmtires.com\/es\/wp-json\/wp\/v2\/product_brand?post=172045"},{"taxonomy":"product_cat","embeddable":true,"href":"https:\/\/stmtires.com\/es\/wp-json\/wp\/v2\/product_cat?post=172045"},{"taxonomy":"product_tag","embeddable":true,"href":"https:\/\/stmtires.com\/es\/wp-json\/wp\/v2\/product_tag?post=172045"}],"curies":[{"name":"wp","href":"https:\/\/api.w.org\/{rel}","templated":true}]}}