{"id":172310,"date":"2022-05-12T15:34:01","date_gmt":"2022-05-12T20:34:01","guid":{"rendered":"https:\/\/website.dev.stmtires.com\/shop\/sin categor\u00eda\/11r24-5-g-servicio-de-autopista-radial\/"},"modified":"2022-05-12T15:34:01","modified_gmt":"2022-05-12T20:34:01","slug":"11r24-5-g-radial-autopista-servicio","status":"publish","type":"product","link":"https:\/\/stmtires.com\/es\/shop\/dayton\/11r24-5-g-radial-autopista-servicio\/","title":{"rendered":"11R24.5 G SERVICIO DE AUTOPISTA RADIAL"},"content":{"rendered":"<p>Cami\u00f3n\/Autob\u00fas Comercial. Neum\u00e1tico de cami\u00f3n de servicio mediano dise\u00f1ado para aplicaciones de remolques en t\u00e1ndem y de un solo eje en servicio de larga y regional distancia y P&amp;D.<\/p>\n","protected":false},"excerpt":{"rendered":"<p>Cami\u00f3n\/Autob\u00fas Comercial. Neum\u00e1tico de cami\u00f3n de servicio mediano dise\u00f1ado para aplicaciones de remolques en t\u00e1ndem y de un solo eje en servicio de larga y regional distancia y P&amp;D.<\/p>\n","protected":false},"featured_media":0,"comment_status":"open","ping_status":"closed","template":"","meta":{"_acf_changed":false,"subheading":[]},"product_model":[25815],"product_brand":[77],"product_cat":[19286,19332,19253],"product_tag":[],"class_list":{"0":"post-172310","1":"product","2":"type-product","3":"status-publish","5":"product_model-radial-highway-service-es","6":"product_brand-dayton","7":"product_cat-camion-autobus-comercial","8":"product_cat-servicio-regional","9":"product_cat-uncategorized","10":"pa_tire-size-11r24-5-es","12":"first","13":"instock","14":"shipping-taxable","15":"purchasable","16":"product-type-simple"},"acf":[],"_links":{"self":[{"href":"https:\/\/stmtires.com\/es\/wp-json\/wp\/v2\/product\/172310","targetHints":{"allow":["GET"]}}],"collection":[{"href":"https:\/\/stmtires.com\/es\/wp-json\/wp\/v2\/product"}],"about":[{"href":"https:\/\/stmtires.com\/es\/wp-json\/wp\/v2\/types\/product"}],"replies":[{"embeddable":true,"href":"https:\/\/stmtires.com\/es\/wp-json\/wp\/v2\/comments?post=172310"}],"wp:attachment":[{"href":"https:\/\/stmtires.com\/es\/wp-json\/wp\/v2\/media?parent=172310"}],"wp:term":[{"taxonomy":"product_model","embeddable":true,"href":"https:\/\/stmtires.com\/es\/wp-json\/wp\/v2\/product_model?post=172310"},{"taxonomy":"product_brand","embeddable":true,"href":"https:\/\/stmtires.com\/es\/wp-json\/wp\/v2\/product_brand?post=172310"},{"taxonomy":"product_cat","embeddable":true,"href":"https:\/\/stmtires.com\/es\/wp-json\/wp\/v2\/product_cat?post=172310"},{"taxonomy":"product_tag","embeddable":true,"href":"https:\/\/stmtires.com\/es\/wp-json\/wp\/v2\/product_tag?post=172310"}],"curies":[{"name":"wp","href":"https:\/\/api.w.org\/{rel}","templated":true}]}}