{"id":172316,"date":"2022-05-12T11:23:47","date_gmt":"2022-05-12T16:23:47","guid":{"rendered":"https:\/\/website.dev.stmtires.com\/shop\/sin categor\u00eda\/p235-75r15-extensa-a-s\/"},"modified":"2022-05-12T11:23:47","modified_gmt":"2022-05-12T16:23:47","slug":"p235-75r15-extensa-a-s-2","status":"publish","type":"product","link":"https:\/\/stmtires.com\/es\/shop\/toyo-es\/p235-75r15-extensa-a-s-2\/","title":{"rendered":"P235\/75R15 EXTENSA A\/S"},"content":{"rendered":"<p>Neum\u00e1tico de autom\u00f3vil de pasajeros para todas las estaciones para una amplia gama de autom\u00f3viles de pasajeros y minivans.<\/p>\n","protected":false},"excerpt":{"rendered":"<p>Neum\u00e1tico de autom\u00f3vil de pasajeros para todas las estaciones para una amplia gama de autom\u00f3viles de pasajeros y minivans.<\/p>\n","protected":false},"featured_media":224139,"comment_status":"open","ping_status":"closed","template":"","meta":{"_acf_changed":false,"subheading":[]},"product_model":[25527],"product_brand":[15760],"product_cat":[25986,19253],"product_tag":[],"class_list":{"0":"post-172316","1":"product","2":"type-product","3":"status-publish","4":"has-post-thumbnail","6":"product_model-extensa-a-s-es","7":"product_brand-toyo-es","8":"product_cat-luz-de-pasajero","9":"product_cat-uncategorized","10":"pa_tire-size-235-75r15-es","12":"first","13":"instock","14":"shipping-taxable","15":"purchasable","16":"product-type-simple"},"acf":[],"_links":{"self":[{"href":"https:\/\/stmtires.com\/es\/wp-json\/wp\/v2\/product\/172316","targetHints":{"allow":["GET"]}}],"collection":[{"href":"https:\/\/stmtires.com\/es\/wp-json\/wp\/v2\/product"}],"about":[{"href":"https:\/\/stmtires.com\/es\/wp-json\/wp\/v2\/types\/product"}],"replies":[{"embeddable":true,"href":"https:\/\/stmtires.com\/es\/wp-json\/wp\/v2\/comments?post=172316"}],"wp:featuredmedia":[{"embeddable":true,"href":"https:\/\/stmtires.com\/es\/wp-json\/wp\/v2\/media\/224139"}],"wp:attachment":[{"href":"https:\/\/stmtires.com\/es\/wp-json\/wp\/v2\/media?parent=172316"}],"wp:term":[{"taxonomy":"product_model","embeddable":true,"href":"https:\/\/stmtires.com\/es\/wp-json\/wp\/v2\/product_model?post=172316"},{"taxonomy":"product_brand","embeddable":true,"href":"https:\/\/stmtires.com\/es\/wp-json\/wp\/v2\/product_brand?post=172316"},{"taxonomy":"product_cat","embeddable":true,"href":"https:\/\/stmtires.com\/es\/wp-json\/wp\/v2\/product_cat?post=172316"},{"taxonomy":"product_tag","embeddable":true,"href":"https:\/\/stmtires.com\/es\/wp-json\/wp\/v2\/product_tag?post=172316"}],"curies":[{"name":"wp","href":"https:\/\/api.w.org\/{rel}","templated":true}]}}