{"id":172414,"date":"2022-05-12T10:37:19","date_gmt":"2022-05-12T15:37:19","guid":{"rendered":"https:\/\/website.dev.stmtires.com\/shop\/sin categor\u00eda\/11r245-g-tl-m147\/"},"modified":"2022-05-12T10:37:19","modified_gmt":"2022-05-12T15:37:19","slug":"11r24-5-g-tl-m147-2","status":"publish","type":"product","link":"https:\/\/stmtires.com\/es\/shop\/toyo-es\/11r24-5-g-tl-m147-2\/","title":{"rendered":"11R24,5 G TL M147"},"content":{"rendered":"<p>Cami\u00f3n\/Autob\u00fas Comercial. Neum\u00e1tico de posici\u00f3n de direcci\u00f3n de cami\u00f3n de servicio mediano ideal para aplicaciones regionales y de carretera.<\/p>\n","protected":false},"excerpt":{"rendered":"<p>Cami\u00f3n\/Autob\u00fas Comercial. Neum\u00e1tico de posici\u00f3n de direcci\u00f3n de cami\u00f3n de servicio mediano ideal para aplicaciones regionales y de carretera.<\/p>\n","protected":false},"featured_media":0,"comment_status":"open","ping_status":"closed","template":"","meta":{"_acf_changed":false,"subheading":[]},"product_model":[25276],"product_brand":[15760],"product_cat":[19264,19286,19321,19265,19332,19277,16323,19253],"product_tag":[],"class_list":{"0":"post-172414","1":"product","2":"type-product","3":"status-publish","5":"product_model-m147-es","6":"product_brand-toyo-es","7":"product_cat-alto-rendimiento-hp","8":"product_cat-camion-autobus-comercial","9":"product_cat-conducir-es","10":"product_cat-invierno","11":"product_cat-servicio-regional","12":"product_cat-sin-tachuelas","13":"product_cat-studless","14":"product_cat-uncategorized","15":"pa_tire-size-11r24-5-es","17":"first","18":"instock","19":"shipping-taxable","20":"purchasable","21":"product-type-simple"},"acf":[],"_links":{"self":[{"href":"https:\/\/stmtires.com\/es\/wp-json\/wp\/v2\/product\/172414","targetHints":{"allow":["GET"]}}],"collection":[{"href":"https:\/\/stmtires.com\/es\/wp-json\/wp\/v2\/product"}],"about":[{"href":"https:\/\/stmtires.com\/es\/wp-json\/wp\/v2\/types\/product"}],"replies":[{"embeddable":true,"href":"https:\/\/stmtires.com\/es\/wp-json\/wp\/v2\/comments?post=172414"}],"wp:attachment":[{"href":"https:\/\/stmtires.com\/es\/wp-json\/wp\/v2\/media?parent=172414"}],"wp:term":[{"taxonomy":"product_model","embeddable":true,"href":"https:\/\/stmtires.com\/es\/wp-json\/wp\/v2\/product_model?post=172414"},{"taxonomy":"product_brand","embeddable":true,"href":"https:\/\/stmtires.com\/es\/wp-json\/wp\/v2\/product_brand?post=172414"},{"taxonomy":"product_cat","embeddable":true,"href":"https:\/\/stmtires.com\/es\/wp-json\/wp\/v2\/product_cat?post=172414"},{"taxonomy":"product_tag","embeddable":true,"href":"https:\/\/stmtires.com\/es\/wp-json\/wp\/v2\/product_tag?post=172414"}],"curies":[{"name":"wp","href":"https:\/\/api.w.org\/{rel}","templated":true}]}}