{"id":172501,"date":"2022-05-12T16:01:34","date_gmt":"2022-05-12T21:01:34","guid":{"rendered":"https:\/\/website.dev.stmtires.com\/shop\/sin categor\u00eda\/p235-70r16-xl-dueler-h-t-d684-ii\/"},"modified":"2022-05-12T16:01:34","modified_gmt":"2022-05-12T21:01:34","slug":"p235-70r16-xl-dueler-h-t-d684-ii-2","status":"publish","type":"product","link":"https:\/\/stmtires.com\/es\/shop\/bridgestone-es\/p235-70r16-xl-dueler-h-t-d684-ii-2\/","title":{"rendered":"P235\/70R16 XL DUELER H\/T D684 II"},"content":{"rendered":"<p>Neum\u00e1tico de cami\u00f3n ligero de pasajeros para todas las estaciones. Neum\u00e1tico de equipo original (OE) en veh\u00edculos seleccionados.<\/p>\n","protected":false},"excerpt":{"rendered":"<p>Neum\u00e1tico de cami\u00f3n ligero de pasajeros para todas las estaciones. Neum\u00e1tico de equipo original (OE) en veh\u00edculos seleccionados.<\/p>\n","protected":false},"featured_media":0,"comment_status":"open","ping_status":"closed","template":"","meta":{"_acf_changed":false,"subheading":[]},"product_model":[25743],"product_brand":[],"product_cat":[19242,25986,16244,19253],"product_tag":[],"class_list":{"0":"post-172501","1":"product","2":"type-product","3":"status-publish","5":"product_model-dueler-h-t-684-ii-es","6":"product_cat-equipo-original-oe","7":"product_cat-luz-de-pasajero","8":"product_cat-original-equipment-oe","9":"product_cat-uncategorized","10":"pa_tire-size-235-70r16-es","12":"first","13":"instock","14":"shipping-taxable","15":"purchasable","16":"product-type-simple"},"acf":[],"_links":{"self":[{"href":"https:\/\/stmtires.com\/es\/wp-json\/wp\/v2\/product\/172501","targetHints":{"allow":["GET"]}}],"collection":[{"href":"https:\/\/stmtires.com\/es\/wp-json\/wp\/v2\/product"}],"about":[{"href":"https:\/\/stmtires.com\/es\/wp-json\/wp\/v2\/types\/product"}],"replies":[{"embeddable":true,"href":"https:\/\/stmtires.com\/es\/wp-json\/wp\/v2\/comments?post=172501"}],"wp:attachment":[{"href":"https:\/\/stmtires.com\/es\/wp-json\/wp\/v2\/media?parent=172501"}],"wp:term":[{"taxonomy":"product_model","embeddable":true,"href":"https:\/\/stmtires.com\/es\/wp-json\/wp\/v2\/product_model?post=172501"},{"taxonomy":"product_brand","embeddable":true,"href":"https:\/\/stmtires.com\/es\/wp-json\/wp\/v2\/product_brand?post=172501"},{"taxonomy":"product_cat","embeddable":true,"href":"https:\/\/stmtires.com\/es\/wp-json\/wp\/v2\/product_cat?post=172501"},{"taxonomy":"product_tag","embeddable":true,"href":"https:\/\/stmtires.com\/es\/wp-json\/wp\/v2\/product_tag?post=172501"}],"curies":[{"name":"wp","href":"https:\/\/api.w.org\/{rel}","templated":true}]}}