{"id":172532,"date":"2022-05-12T11:44:27","date_gmt":"2022-05-12T16:44:27","guid":{"rendered":"https:\/\/website.dev.stmtires.com\/shop\/sin categor\u00eda\/11r24-5-g-xza3-evertread\/"},"modified":"2022-05-12T11:44:27","modified_gmt":"2022-05-12T16:44:27","slug":"11r24-5-g-xza3-evertread-2","status":"publish","type":"product","link":"https:\/\/stmtires.com\/es\/shop\/michelin-es\/11r24-5-g-xza3-evertread-2\/","title":{"rendered":"11R24.5 G XZA3+ EVERTREAD"},"content":{"rendered":"<p>Cami\u00f3n\/Autob\u00fas Comercial. Neum\u00e1tico de cami\u00f3n de servicio medio verificado por SmartWay para la posici\u00f3n de la direcci\u00f3n en aplicaciones de transporte en l\u00ednea. Los neum\u00e1ticos designados DTO (Dual Tire Only) solo se pueden vender para su uso en un Ajuste Dual.<\/p>\n","protected":false},"excerpt":{"rendered":"<p>Cami\u00f3n\/Autob\u00fas Comercial. Neum\u00e1tico de cami\u00f3n de servicio medio verificado por SmartWay para la posici\u00f3n de la direcci\u00f3n en aplicaciones de transporte en l\u00ednea. Los neum\u00e1ticos designados DTO (Dual Tire Only) solo se pueden vender para su uso en un Ajuste Dual.<\/p>\n","protected":false},"featured_media":0,"comment_status":"open","ping_status":"closed","template":"","meta":{"_acf_changed":false,"subheading":[]},"product_model":[25588],"product_brand":[15734],"product_cat":[19321,19253],"product_tag":[],"class_list":{"0":"post-172532","1":"product","2":"type-product","3":"status-publish","5":"product_model-xza3-evertread-es","6":"product_brand-michelin-es","7":"product_cat-conducir-es","8":"product_cat-uncategorized","9":"pa_tire-size-11r24-5-es","11":"first","12":"instock","13":"shipping-taxable","14":"purchasable","15":"product-type-simple"},"acf":[],"_links":{"self":[{"href":"https:\/\/stmtires.com\/es\/wp-json\/wp\/v2\/product\/172532","targetHints":{"allow":["GET"]}}],"collection":[{"href":"https:\/\/stmtires.com\/es\/wp-json\/wp\/v2\/product"}],"about":[{"href":"https:\/\/stmtires.com\/es\/wp-json\/wp\/v2\/types\/product"}],"replies":[{"embeddable":true,"href":"https:\/\/stmtires.com\/es\/wp-json\/wp\/v2\/comments?post=172532"}],"wp:attachment":[{"href":"https:\/\/stmtires.com\/es\/wp-json\/wp\/v2\/media?parent=172532"}],"wp:term":[{"taxonomy":"product_model","embeddable":true,"href":"https:\/\/stmtires.com\/es\/wp-json\/wp\/v2\/product_model?post=172532"},{"taxonomy":"product_brand","embeddable":true,"href":"https:\/\/stmtires.com\/es\/wp-json\/wp\/v2\/product_brand?post=172532"},{"taxonomy":"product_cat","embeddable":true,"href":"https:\/\/stmtires.com\/es\/wp-json\/wp\/v2\/product_cat?post=172532"},{"taxonomy":"product_tag","embeddable":true,"href":"https:\/\/stmtires.com\/es\/wp-json\/wp\/v2\/product_tag?post=172532"}],"curies":[{"name":"wp","href":"https:\/\/api.w.org\/{rel}","templated":true}]}}