{"id":172542,"date":"2022-05-12T10:21:28","date_gmt":"2022-05-12T15:21:28","guid":{"rendered":"https:\/\/website.dev.stmtires.com\/shop\/sin categor\u00eda\/11r245-g-xzy3\/"},"modified":"2022-05-12T10:21:28","modified_gmt":"2022-05-12T15:21:28","slug":"11r24-5-g-xzy3-2","status":"publish","type":"product","link":"https:\/\/stmtires.com\/es\/shop\/michelin-es\/11r24-5-g-xzy3-2\/","title":{"rendered":"11R24,5 G XZY3"},"content":{"rendered":"<p>Cami\u00f3n\/Autob\u00fas Comercial. Neum\u00e1tico radial multiposici\u00f3n para camiones de servicio mediano para un desgaste y tracci\u00f3n excepcionales en aplicaciones mixtas dentro y fuera de la carretera.<\/p>\n","protected":false},"excerpt":{"rendered":"<p>Cami\u00f3n\/Autob\u00fas Comercial. Neum\u00e1tico radial multiposici\u00f3n para camiones de servicio mediano para un desgaste y tracci\u00f3n excepcionales en aplicaciones mixtas dentro y fuera de la carretera.<\/p>\n","protected":false},"featured_media":225458,"comment_status":"open","ping_status":"closed","template":"","meta":{"_acf_changed":false,"subheading":[]},"product_model":[25310],"product_brand":[15734],"product_cat":[19321,19253],"product_tag":[],"class_list":{"0":"post-172542","1":"product","2":"type-product","3":"status-publish","4":"has-post-thumbnail","6":"product_model-xzy-3-es","7":"product_brand-michelin-es","8":"product_cat-conducir-es","9":"product_cat-uncategorized","10":"pa_tire-size-11r24-5-es","12":"first","13":"instock","14":"shipping-taxable","15":"purchasable","16":"product-type-simple"},"acf":[],"_links":{"self":[{"href":"https:\/\/stmtires.com\/es\/wp-json\/wp\/v2\/product\/172542","targetHints":{"allow":["GET"]}}],"collection":[{"href":"https:\/\/stmtires.com\/es\/wp-json\/wp\/v2\/product"}],"about":[{"href":"https:\/\/stmtires.com\/es\/wp-json\/wp\/v2\/types\/product"}],"replies":[{"embeddable":true,"href":"https:\/\/stmtires.com\/es\/wp-json\/wp\/v2\/comments?post=172542"}],"wp:featuredmedia":[{"embeddable":true,"href":"https:\/\/stmtires.com\/es\/wp-json\/wp\/v2\/media\/225458"}],"wp:attachment":[{"href":"https:\/\/stmtires.com\/es\/wp-json\/wp\/v2\/media?parent=172542"}],"wp:term":[{"taxonomy":"product_model","embeddable":true,"href":"https:\/\/stmtires.com\/es\/wp-json\/wp\/v2\/product_model?post=172542"},{"taxonomy":"product_brand","embeddable":true,"href":"https:\/\/stmtires.com\/es\/wp-json\/wp\/v2\/product_brand?post=172542"},{"taxonomy":"product_cat","embeddable":true,"href":"https:\/\/stmtires.com\/es\/wp-json\/wp\/v2\/product_cat?post=172542"},{"taxonomy":"product_tag","embeddable":true,"href":"https:\/\/stmtires.com\/es\/wp-json\/wp\/v2\/product_tag?post=172542"}],"curies":[{"name":"wp","href":"https:\/\/api.w.org\/{rel}","templated":true}]}}