{"id":172660,"date":"2022-05-12T14:44:42","date_gmt":"2022-05-12T19:44:42","guid":{"rendered":"https:\/\/website.dev.stmtires.com\/shop\/sin categor\u00eda\/11r24-5-h-doble-moneda-rlb800\/"},"modified":"2022-05-12T14:44:42","modified_gmt":"2022-05-12T19:44:42","slug":"11r24-5-h-doble-moneda-rlb800","status":"publish","type":"product","link":"https:\/\/stmtires.com\/es\/shop\/double-coin\/11r24-5-h-doble-moneda-rlb800\/","title":{"rendered":"11R24.5 H DOBLE MONEDA RLB800"},"content":{"rendered":"<p>Cami\u00f3n\/Autob\u00fas Comercial. Cami\u00f3n de servicio mediano Banda de rodadura profunda dentro \/ fuera de la carretera Neum\u00e1tico de posici\u00f3n de conducci\u00f3n de servicio severo.<\/p>\n","protected":false},"excerpt":{"rendered":"<p>Cami\u00f3n\/Autob\u00fas Comercial. Cami\u00f3n de servicio mediano Banda de rodadura profunda dentro \/ fuera de la carretera Neum\u00e1tico de posici\u00f3n de conducci\u00f3n de servicio severo.<\/p>\n","protected":false},"featured_media":0,"comment_status":"open","ping_status":"closed","template":"","meta":{"_acf_changed":false,"subheading":[]},"product_model":[22857],"product_brand":[103],"product_cat":[19304,19286,19288,16316,19287,19301,19253],"product_tag":[],"class_list":{"0":"post-172660","1":"product","2":"type-product","3":"status-publish","5":"product_model-double-coin-rlb800-es-2","6":"product_brand-double-coin","7":"product_cat-banda-de-rodadura-profunda","8":"product_cat-camion-autobus-comercial","9":"product_cat-conducir","10":"product_cat-deep-tread","11":"product_cat-servicio-de-autopistas","12":"product_cat-servicio-on-off-highway","13":"product_cat-uncategorized","14":"pa_tire-size-11r24-5-es","16":"first","17":"instock","18":"shipping-taxable","19":"purchasable","20":"product-type-simple"},"acf":[],"_links":{"self":[{"href":"https:\/\/stmtires.com\/es\/wp-json\/wp\/v2\/product\/172660","targetHints":{"allow":["GET"]}}],"collection":[{"href":"https:\/\/stmtires.com\/es\/wp-json\/wp\/v2\/product"}],"about":[{"href":"https:\/\/stmtires.com\/es\/wp-json\/wp\/v2\/types\/product"}],"replies":[{"embeddable":true,"href":"https:\/\/stmtires.com\/es\/wp-json\/wp\/v2\/comments?post=172660"}],"wp:attachment":[{"href":"https:\/\/stmtires.com\/es\/wp-json\/wp\/v2\/media?parent=172660"}],"wp:term":[{"taxonomy":"product_model","embeddable":true,"href":"https:\/\/stmtires.com\/es\/wp-json\/wp\/v2\/product_model?post=172660"},{"taxonomy":"product_brand","embeddable":true,"href":"https:\/\/stmtires.com\/es\/wp-json\/wp\/v2\/product_brand?post=172660"},{"taxonomy":"product_cat","embeddable":true,"href":"https:\/\/stmtires.com\/es\/wp-json\/wp\/v2\/product_cat?post=172660"},{"taxonomy":"product_tag","embeddable":true,"href":"https:\/\/stmtires.com\/es\/wp-json\/wp\/v2\/product_tag?post=172660"}],"curies":[{"name":"wp","href":"https:\/\/api.w.org\/{rel}","templated":true}]}}