{"id":172901,"date":"2022-05-12T10:09:43","date_gmt":"2022-05-12T15:09:43","guid":{"rendered":"https:\/\/website.dev.stmtires.com\/shop\/sin categor\u00eda\/p235-55r17-energia-mxv4-plus\/"},"modified":"2022-05-12T10:09:43","modified_gmt":"2022-05-12T15:09:43","slug":"p235-55r17-energia-mxv4-plus","status":"publish","type":"product","link":"https:\/\/stmtires.com\/es\/shop\/tires\/p235-55r17-energia-mxv4-plus\/","title":{"rendered":"P235\/55R17 ENERG\u00cdA MXV4 PLUS"},"content":{"rendered":"<p>Neum\u00e1tico de turismo de alto rendimiento para todo el a\u00f1o. Equipo original en veh\u00edculos de turismo como Buick Lucerne y Chrysler Pacifica.<\/p>\n","protected":false},"excerpt":{"rendered":"<p>Neum\u00e1tico de turismo de alto rendimiento para todo el a\u00f1o. Equipo original en veh\u00edculos de turismo como Buick Lucerne y Chrysler Pacifica.<\/p>\n","protected":false},"featured_media":106640,"comment_status":"open","ping_status":"closed","template":"","meta":{"_acf_changed":false,"subheading":[]},"product_model":[25379],"product_brand":[],"product_cat":[19253],"product_tag":[],"class_list":{"0":"post-172901","1":"product","2":"type-product","3":"status-publish","4":"has-post-thumbnail","6":"product_model-energy-mxv4-plus-es","7":"product_cat-uncategorized","9":"first","10":"instock","11":"shipping-taxable","12":"purchasable","13":"product-type-simple"},"acf":[],"_links":{"self":[{"href":"https:\/\/stmtires.com\/es\/wp-json\/wp\/v2\/product\/172901","targetHints":{"allow":["GET"]}}],"collection":[{"href":"https:\/\/stmtires.com\/es\/wp-json\/wp\/v2\/product"}],"about":[{"href":"https:\/\/stmtires.com\/es\/wp-json\/wp\/v2\/types\/product"}],"replies":[{"embeddable":true,"href":"https:\/\/stmtires.com\/es\/wp-json\/wp\/v2\/comments?post=172901"}],"wp:featuredmedia":[{"embeddable":true,"href":"https:\/\/stmtires.com\/es\/wp-json\/wp\/v2\/media\/106640"}],"wp:attachment":[{"href":"https:\/\/stmtires.com\/es\/wp-json\/wp\/v2\/media?parent=172901"}],"wp:term":[{"taxonomy":"product_model","embeddable":true,"href":"https:\/\/stmtires.com\/es\/wp-json\/wp\/v2\/product_model?post=172901"},{"taxonomy":"product_brand","embeddable":true,"href":"https:\/\/stmtires.com\/es\/wp-json\/wp\/v2\/product_brand?post=172901"},{"taxonomy":"product_cat","embeddable":true,"href":"https:\/\/stmtires.com\/es\/wp-json\/wp\/v2\/product_cat?post=172901"},{"taxonomy":"product_tag","embeddable":true,"href":"https:\/\/stmtires.com\/es\/wp-json\/wp\/v2\/product_tag?post=172901"}],"curies":[{"name":"wp","href":"https:\/\/api.w.org\/{rel}","templated":true}]}}