{"id":172914,"date":"2022-05-12T10:09:36","date_gmt":"2022-05-12T15:09:36","guid":{"rendered":"https:\/\/website.dev.stmtires.com\/shop\/sin categor\u00eda\/195-65r15-contitouringcontacto-cv-95\/"},"modified":"2022-05-12T10:09:36","modified_gmt":"2022-05-12T15:09:36","slug":"195-65r15-contitouringcontact-cv-95-2","status":"publish","type":"product","link":"https:\/\/stmtires.com\/es\/shop\/tires\/195-65r15-contitouringcontact-cv-95-2\/","title":{"rendered":"195\/65R15 CONTITOURINGCONTACTO CV 95"},"content":{"rendered":"<p>Neum\u00e1tico de turismo para autom\u00f3viles de pasajeros de todas las estaciones para su uso en cup\u00e9s deportivos y sedanes de alto rendimiento de lujo.<\/p>\n","protected":false},"excerpt":{"rendered":"<p>Neum\u00e1tico de turismo para autom\u00f3viles de pasajeros de todas las estaciones para su uso en cup\u00e9s deportivos y sedanes de alto rendimiento de lujo.<\/p>\n","protected":false},"featured_media":106754,"comment_status":"open","ping_status":"closed","template":"","meta":{"_acf_changed":false,"subheading":[]},"product_model":[25411],"product_brand":[],"product_cat":[19253],"product_tag":[],"class_list":{"0":"post-172914","1":"product","2":"type-product","3":"status-publish","4":"has-post-thumbnail","6":"product_model-contitouringcontact-cv95-es","7":"product_cat-uncategorized","9":"first","10":"instock","11":"shipping-taxable","12":"purchasable","13":"product-type-simple"},"acf":[],"_links":{"self":[{"href":"https:\/\/stmtires.com\/es\/wp-json\/wp\/v2\/product\/172914","targetHints":{"allow":["GET"]}}],"collection":[{"href":"https:\/\/stmtires.com\/es\/wp-json\/wp\/v2\/product"}],"about":[{"href":"https:\/\/stmtires.com\/es\/wp-json\/wp\/v2\/types\/product"}],"replies":[{"embeddable":true,"href":"https:\/\/stmtires.com\/es\/wp-json\/wp\/v2\/comments?post=172914"}],"wp:featuredmedia":[{"embeddable":true,"href":"https:\/\/stmtires.com\/es\/wp-json\/wp\/v2\/media\/106754"}],"wp:attachment":[{"href":"https:\/\/stmtires.com\/es\/wp-json\/wp\/v2\/media?parent=172914"}],"wp:term":[{"taxonomy":"product_model","embeddable":true,"href":"https:\/\/stmtires.com\/es\/wp-json\/wp\/v2\/product_model?post=172914"},{"taxonomy":"product_brand","embeddable":true,"href":"https:\/\/stmtires.com\/es\/wp-json\/wp\/v2\/product_brand?post=172914"},{"taxonomy":"product_cat","embeddable":true,"href":"https:\/\/stmtires.com\/es\/wp-json\/wp\/v2\/product_cat?post=172914"},{"taxonomy":"product_tag","embeddable":true,"href":"https:\/\/stmtires.com\/es\/wp-json\/wp\/v2\/product_tag?post=172914"}],"curies":[{"name":"wp","href":"https:\/\/api.w.org\/{rel}","templated":true}]}}