{"id":172975,"date":"2022-05-12T10:09:11","date_gmt":"2022-05-12T15:09:11","guid":{"rendered":"https:\/\/website.dev.stmtires.com\/shop\/sin categor\u00eda\/195-60r13-radial-t-a\/"},"modified":"2022-05-12T10:09:11","modified_gmt":"2022-05-12T15:09:11","slug":"195-60r13-radial-t-a-2","status":"publish","type":"product","link":"https:\/\/stmtires.com\/es\/shop\/tires\/195-60r13-radial-t-a-2\/","title":{"rendered":"195\/60R13 RADIAL T\/A"},"content":{"rendered":"<p>Un cl\u00e1sico americano. Neum\u00e1tico de autom\u00f3vil de pasajeros para todas las estaciones para conductores de muscle car, street rod y camiones ligeros que buscan un neum\u00e1tico de perfil ancho y aspecto cl\u00e1sico.<\/p>\n","protected":false},"excerpt":{"rendered":"<p>Un cl\u00e1sico americano. Neum\u00e1tico de autom\u00f3vil de pasajeros para todas las estaciones para conductores de muscle car, street rod y camiones ligeros que buscan un neum\u00e1tico de perfil ancho y aspecto cl\u00e1sico.<\/p>\n","protected":false},"featured_media":0,"comment_status":"open","ping_status":"closed","template":"","meta":{"_acf_changed":false,"subheading":[]},"product_model":[25352],"product_brand":[],"product_cat":[19253],"product_tag":[],"class_list":{"0":"post-172975","1":"product","2":"type-product","3":"status-publish","5":"product_model-radial-t-a-es","6":"product_cat-uncategorized","8":"first","9":"instock","10":"shipping-taxable","11":"purchasable","12":"product-type-simple"},"acf":[],"_links":{"self":[{"href":"https:\/\/stmtires.com\/es\/wp-json\/wp\/v2\/product\/172975","targetHints":{"allow":["GET"]}}],"collection":[{"href":"https:\/\/stmtires.com\/es\/wp-json\/wp\/v2\/product"}],"about":[{"href":"https:\/\/stmtires.com\/es\/wp-json\/wp\/v2\/types\/product"}],"replies":[{"embeddable":true,"href":"https:\/\/stmtires.com\/es\/wp-json\/wp\/v2\/comments?post=172975"}],"wp:attachment":[{"href":"https:\/\/stmtires.com\/es\/wp-json\/wp\/v2\/media?parent=172975"}],"wp:term":[{"taxonomy":"product_model","embeddable":true,"href":"https:\/\/stmtires.com\/es\/wp-json\/wp\/v2\/product_model?post=172975"},{"taxonomy":"product_brand","embeddable":true,"href":"https:\/\/stmtires.com\/es\/wp-json\/wp\/v2\/product_brand?post=172975"},{"taxonomy":"product_cat","embeddable":true,"href":"https:\/\/stmtires.com\/es\/wp-json\/wp\/v2\/product_cat?post=172975"},{"taxonomy":"product_tag","embeddable":true,"href":"https:\/\/stmtires.com\/es\/wp-json\/wp\/v2\/product_tag?post=172975"}],"curies":[{"name":"wp","href":"https:\/\/api.w.org\/{rel}","templated":true}]}}