{"id":173080,"date":"2022-05-12T11:25:19","date_gmt":"2022-05-12T16:25:19","guid":{"rendered":"https:\/\/website.dev.stmtires.com\/shop\/sin categor\u00eda\/11r24-5-h-fs507\/"},"modified":"2022-05-12T11:25:19","modified_gmt":"2022-05-12T16:25:19","slug":"11r24-5-h-fs507-2","status":"publish","type":"product","link":"https:\/\/stmtires.com\/es\/shop\/firestone-es\/11r24-5-h-fs507-2\/","title":{"rendered":"11R24.5 H FS507"},"content":{"rendered":"<p>Cami\u00f3n\/Autob\u00fas Comercial. Cami\u00f3n de servicio medio radial de posici\u00f3n completa para el servicio de larga distancia y transporte regional sobre la carretera.<\/p>\n","protected":false},"excerpt":{"rendered":"<p>Cami\u00f3n\/Autob\u00fas Comercial. Cami\u00f3n de servicio medio radial de posici\u00f3n completa para el servicio de larga distancia y transporte regional sobre la carretera.<\/p>\n","protected":false},"featured_media":224169,"comment_status":"open","ping_status":"closed","template":"","meta":{"_acf_changed":false,"subheading":[]},"product_model":[25532],"product_brand":[15736],"product_cat":[19286,19321,19289,16266,19287,19332,19316,19253],"product_tag":[],"class_list":{"0":"post-173080","1":"product","2":"type-product","3":"status-publish","4":"has-post-thumbnail","6":"product_model-fs507-radial-es","7":"product_brand-firestone-es","8":"product_cat-camion-autobus-comercial","9":"product_cat-conducir-es","10":"product_cat-radial-es","11":"product_cat-regional-service","12":"product_cat-servicio-de-autopistas","13":"product_cat-servicio-regional","14":"product_cat-todas-las-posiciones","15":"product_cat-uncategorized","16":"pa_tire-size-11r24-5-es","18":"first","19":"instock","20":"shipping-taxable","21":"purchasable","22":"product-type-simple"},"acf":[],"_links":{"self":[{"href":"https:\/\/stmtires.com\/es\/wp-json\/wp\/v2\/product\/173080","targetHints":{"allow":["GET"]}}],"collection":[{"href":"https:\/\/stmtires.com\/es\/wp-json\/wp\/v2\/product"}],"about":[{"href":"https:\/\/stmtires.com\/es\/wp-json\/wp\/v2\/types\/product"}],"replies":[{"embeddable":true,"href":"https:\/\/stmtires.com\/es\/wp-json\/wp\/v2\/comments?post=173080"}],"wp:featuredmedia":[{"embeddable":true,"href":"https:\/\/stmtires.com\/es\/wp-json\/wp\/v2\/media\/224169"}],"wp:attachment":[{"href":"https:\/\/stmtires.com\/es\/wp-json\/wp\/v2\/media?parent=173080"}],"wp:term":[{"taxonomy":"product_model","embeddable":true,"href":"https:\/\/stmtires.com\/es\/wp-json\/wp\/v2\/product_model?post=173080"},{"taxonomy":"product_brand","embeddable":true,"href":"https:\/\/stmtires.com\/es\/wp-json\/wp\/v2\/product_brand?post=173080"},{"taxonomy":"product_cat","embeddable":true,"href":"https:\/\/stmtires.com\/es\/wp-json\/wp\/v2\/product_cat?post=173080"},{"taxonomy":"product_tag","embeddable":true,"href":"https:\/\/stmtires.com\/es\/wp-json\/wp\/v2\/product_tag?post=173080"}],"curies":[{"name":"wp","href":"https:\/\/api.w.org\/{rel}","templated":true}]}}