{"id":173179,"date":"2022-05-12T15:46:23","date_gmt":"2022-05-12T20:46:23","guid":{"rendered":"https:\/\/website.dev.stmtires.com\/shop\/sin categor\u00eda\/p235-65r18-dueler-h-t-687-oe\/"},"modified":"2022-06-10T14:59:07","modified_gmt":"2022-06-10T19:59:07","slug":"p235-65r18-dueler-h-t-687-oe-2","status":"publish","type":"product","link":"https:\/\/stmtires.com\/es\/shop\/bridgestone-es\/p235-65r18-dueler-h-t-687-oe-2\/","title":{"rendered":"P235\/65R18 DUELER H\/T 687 OE"},"content":{"rendered":"<p>All Season Highway Terrain Passenger Light Truck \/ SUV neum\u00e1tico. Neum\u00e1tico de equipo original (OE) en veh\u00edculos seleccionados.<\/p>\n","protected":false},"excerpt":{"rendered":"<p>All Season Highway Terrain Passenger Light Truck \/ SUV neum\u00e1tico. Neum\u00e1tico de equipo original (OE) en veh\u00edculos seleccionados.<\/p>\n","protected":false},"featured_media":0,"comment_status":"open","ping_status":"closed","template":"","meta":{"_acf_changed":false,"subheading":[]},"product_model":[22906],"product_brand":[],"product_cat":[19241,19242,16250,25986,19287,19240,19253],"product_tag":[],"class_list":{"0":"post-173179","1":"product","2":"type-product","3":"status-publish","5":"product_model-dueler-h-t-687-es","6":"product_cat-camion-ligero-de-pasajeros-suv","7":"product_cat-equipo-original-oe","8":"product_cat-highway-service","9":"product_cat-luz-de-pasajero","10":"product_cat-servicio-de-autopistas","11":"product_cat-terreno-de-la-autopista-h-t","12":"product_cat-uncategorized","13":"pa_tire-size-235-65r18-es","15":"first","16":"instock","17":"shipping-taxable","18":"purchasable","19":"product-type-simple"},"acf":[],"_links":{"self":[{"href":"https:\/\/stmtires.com\/es\/wp-json\/wp\/v2\/product\/173179","targetHints":{"allow":["GET"]}}],"collection":[{"href":"https:\/\/stmtires.com\/es\/wp-json\/wp\/v2\/product"}],"about":[{"href":"https:\/\/stmtires.com\/es\/wp-json\/wp\/v2\/types\/product"}],"replies":[{"embeddable":true,"href":"https:\/\/stmtires.com\/es\/wp-json\/wp\/v2\/comments?post=173179"}],"wp:attachment":[{"href":"https:\/\/stmtires.com\/es\/wp-json\/wp\/v2\/media?parent=173179"}],"wp:term":[{"taxonomy":"product_model","embeddable":true,"href":"https:\/\/stmtires.com\/es\/wp-json\/wp\/v2\/product_model?post=173179"},{"taxonomy":"product_brand","embeddable":true,"href":"https:\/\/stmtires.com\/es\/wp-json\/wp\/v2\/product_brand?post=173179"},{"taxonomy":"product_cat","embeddable":true,"href":"https:\/\/stmtires.com\/es\/wp-json\/wp\/v2\/product_cat?post=173179"},{"taxonomy":"product_tag","embeddable":true,"href":"https:\/\/stmtires.com\/es\/wp-json\/wp\/v2\/product_tag?post=173179"}],"curies":[{"name":"wp","href":"https:\/\/api.w.org\/{rel}","templated":true}]}}