{"id":173290,"date":"2022-05-12T15:37:11","date_gmt":"2022-05-12T20:37:11","guid":{"rendered":"https:\/\/website.dev.stmtires.com\/shop\/sin categor\u00eda\/11r24-5-h-m726-el\/"},"modified":"2022-05-12T15:37:11","modified_gmt":"2022-05-12T20:37:11","slug":"11r24-5-h-m726-el-2","status":"publish","type":"product","link":"https:\/\/stmtires.com\/es\/shop\/bridgestone-es\/11r24-5-h-m726-el-2\/","title":{"rendered":"11R24.5 H M726 EL"},"content":{"rendered":"<p>Cami\u00f3n\/Autob\u00fas Comercial. Cami\u00f3n de servicio mediano Mega-Deep Drive Neum\u00e1tico radial recomendado para aplicaciones de accionamiento en servicio de larga distancia \/ servicio de transporte regional y servicio de recogida y entrega.<\/p>\n","protected":false},"excerpt":{"rendered":"<p>Cami\u00f3n\/Autob\u00fas Comercial. Cami\u00f3n de servicio mediano Mega-Deep Drive Neum\u00e1tico radial recomendado para aplicaciones de accionamiento en servicio de larga distancia \/ servicio de transporte regional y servicio de recogida y entrega.<\/p>\n","protected":false},"featured_media":0,"comment_status":"open","ping_status":"closed","template":"","meta":{"_acf_changed":false,"subheading":[]},"product_model":[22950],"product_brand":[],"product_cat":[19286,19288,19289,19332,19253],"product_tag":[],"class_list":{"0":"post-173290","1":"product","2":"type-product","3":"status-publish","5":"product_model-m726-el-es","6":"product_cat-camion-autobus-comercial","7":"product_cat-conducir","8":"product_cat-radial-es","9":"product_cat-servicio-regional","10":"product_cat-uncategorized","11":"pa_tire-size-11r24-5-es","13":"first","14":"instock","15":"shipping-taxable","16":"purchasable","17":"product-type-simple"},"acf":[],"_links":{"self":[{"href":"https:\/\/stmtires.com\/es\/wp-json\/wp\/v2\/product\/173290","targetHints":{"allow":["GET"]}}],"collection":[{"href":"https:\/\/stmtires.com\/es\/wp-json\/wp\/v2\/product"}],"about":[{"href":"https:\/\/stmtires.com\/es\/wp-json\/wp\/v2\/types\/product"}],"replies":[{"embeddable":true,"href":"https:\/\/stmtires.com\/es\/wp-json\/wp\/v2\/comments?post=173290"}],"wp:attachment":[{"href":"https:\/\/stmtires.com\/es\/wp-json\/wp\/v2\/media?parent=173290"}],"wp:term":[{"taxonomy":"product_model","embeddable":true,"href":"https:\/\/stmtires.com\/es\/wp-json\/wp\/v2\/product_model?post=173290"},{"taxonomy":"product_brand","embeddable":true,"href":"https:\/\/stmtires.com\/es\/wp-json\/wp\/v2\/product_brand?post=173290"},{"taxonomy":"product_cat","embeddable":true,"href":"https:\/\/stmtires.com\/es\/wp-json\/wp\/v2\/product_cat?post=173290"},{"taxonomy":"product_tag","embeddable":true,"href":"https:\/\/stmtires.com\/es\/wp-json\/wp\/v2\/product_tag?post=173290"}],"curies":[{"name":"wp","href":"https:\/\/api.w.org\/{rel}","templated":true}]}}