{"id":173351,"date":"2022-05-12T16:42:20","date_gmt":"2022-05-12T21:42:20","guid":{"rendered":"https:\/\/website.dev.stmtires.com\/shop\/sin categor\u00eda\/11r24-5-h-r283-ecopia\/"},"modified":"2022-05-12T16:42:20","modified_gmt":"2022-05-12T21:42:20","slug":"11r24-5-h-r283-ecopia-2","status":"publish","type":"product","link":"https:\/\/stmtires.com\/es\/shop\/bridgestone-es\/11r24-5-h-r283-ecopia-2\/","title":{"rendered":"11R24.5 H R283 ECOPIA"},"content":{"rendered":"<p>Cami\u00f3n\/Autob\u00fas Comercial. Neum\u00e1tico radial de toda posici\u00f3n de bajo consumo de combustible para camiones de servicio mediano recomendado para aplicaciones de direcci\u00f3n en servicio de larga distancia y servicio de transporte regional.<\/p>\n","protected":false},"excerpt":{"rendered":"<p>Cami\u00f3n\/Autob\u00fas Comercial. Neum\u00e1tico radial de toda posici\u00f3n de bajo consumo de combustible para camiones de servicio mediano recomendado para aplicaciones de direcci\u00f3n en servicio de larga distancia y servicio de transporte regional.<\/p>\n","protected":false},"featured_media":0,"comment_status":"open","ping_status":"closed","template":"","meta":{"_acf_changed":false,"subheading":[]},"product_model":[25854],"product_brand":[],"product_cat":[19286,19321,19289,16266,19332,19316,19253],"product_tag":[],"class_list":{"0":"post-173351","1":"product","2":"type-product","3":"status-publish","5":"product_model-r283-ecopia-es","6":"product_cat-camion-autobus-comercial","7":"product_cat-conducir-es","8":"product_cat-radial-es","9":"product_cat-regional-service","10":"product_cat-servicio-regional","11":"product_cat-todas-las-posiciones","12":"product_cat-uncategorized","13":"pa_tire-size-11r24-5-es","15":"first","16":"instock","17":"shipping-taxable","18":"purchasable","19":"product-type-simple"},"acf":[],"_links":{"self":[{"href":"https:\/\/stmtires.com\/es\/wp-json\/wp\/v2\/product\/173351","targetHints":{"allow":["GET"]}}],"collection":[{"href":"https:\/\/stmtires.com\/es\/wp-json\/wp\/v2\/product"}],"about":[{"href":"https:\/\/stmtires.com\/es\/wp-json\/wp\/v2\/types\/product"}],"replies":[{"embeddable":true,"href":"https:\/\/stmtires.com\/es\/wp-json\/wp\/v2\/comments?post=173351"}],"wp:attachment":[{"href":"https:\/\/stmtires.com\/es\/wp-json\/wp\/v2\/media?parent=173351"}],"wp:term":[{"taxonomy":"product_model","embeddable":true,"href":"https:\/\/stmtires.com\/es\/wp-json\/wp\/v2\/product_model?post=173351"},{"taxonomy":"product_brand","embeddable":true,"href":"https:\/\/stmtires.com\/es\/wp-json\/wp\/v2\/product_brand?post=173351"},{"taxonomy":"product_cat","embeddable":true,"href":"https:\/\/stmtires.com\/es\/wp-json\/wp\/v2\/product_cat?post=173351"},{"taxonomy":"product_tag","embeddable":true,"href":"https:\/\/stmtires.com\/es\/wp-json\/wp\/v2\/product_tag?post=173351"}],"curies":[{"name":"wp","href":"https:\/\/api.w.org\/{rel}","templated":true}]}}