{"id":173419,"date":"2022-05-12T11:25:17","date_gmt":"2022-05-12T16:25:17","guid":{"rendered":"https:\/\/website.dev.stmtires.com\/shop\/sin categor\u00eda\/11r24-5-h-t819-radial\/"},"modified":"2022-05-12T11:25:17","modified_gmt":"2022-05-12T16:25:17","slug":"11r24-5-h-t819-radial-2","status":"publish","type":"product","link":"https:\/\/stmtires.com\/es\/shop\/firestone-es\/11r24-5-h-t819-radial-2\/","title":{"rendered":"11R24.5 H T819 RADIAL"},"content":{"rendered":"<p>Cami\u00f3n\/Autob\u00fas Comercial. Neum\u00e1tico radial de todas las posiciones de cami\u00f3n de servicio mediano dise\u00f1ado para posiciones de direcci\u00f3n \/ conducci\u00f3n y remolque en servicio on \/ off highway.<\/p>\n","protected":false},"excerpt":{"rendered":"<p>Cami\u00f3n\/Autob\u00fas Comercial. Neum\u00e1tico radial de todas las posiciones de cami\u00f3n de servicio mediano dise\u00f1ado para posiciones de direcci\u00f3n \/ conducci\u00f3n y remolque en servicio on \/ off highway.<\/p>\n","protected":false},"featured_media":0,"comment_status":"open","ping_status":"closed","template":"","meta":{"_acf_changed":false,"subheading":[]},"product_model":[22461],"product_brand":[15736],"product_cat":[19314,19286,19321,19288,16272,19336,19289,19287,19301,19316,19253],"product_tag":[],"class_list":{"0":"post-173419","1":"product","2":"type-product","3":"status-publish","5":"product_model-t819-radial-es-2","6":"product_brand-firestone-es","7":"product_cat-bloquear","8":"product_cat-camion-autobus-comercial","9":"product_cat-conducir-es","10":"product_cat-conducir","11":"product_cat-on-off-highway-service","12":"product_cat-posicion-del-remolque","13":"product_cat-radial-es","14":"product_cat-servicio-de-autopistas","15":"product_cat-servicio-on-off-highway","16":"product_cat-todas-las-posiciones","17":"product_cat-uncategorized","18":"pa_tire-size-11r24-5-es","20":"first","21":"instock","22":"shipping-taxable","23":"purchasable","24":"product-type-simple"},"acf":[],"_links":{"self":[{"href":"https:\/\/stmtires.com\/es\/wp-json\/wp\/v2\/product\/173419","targetHints":{"allow":["GET"]}}],"collection":[{"href":"https:\/\/stmtires.com\/es\/wp-json\/wp\/v2\/product"}],"about":[{"href":"https:\/\/stmtires.com\/es\/wp-json\/wp\/v2\/types\/product"}],"replies":[{"embeddable":true,"href":"https:\/\/stmtires.com\/es\/wp-json\/wp\/v2\/comments?post=173419"}],"wp:attachment":[{"href":"https:\/\/stmtires.com\/es\/wp-json\/wp\/v2\/media?parent=173419"}],"wp:term":[{"taxonomy":"product_model","embeddable":true,"href":"https:\/\/stmtires.com\/es\/wp-json\/wp\/v2\/product_model?post=173419"},{"taxonomy":"product_brand","embeddable":true,"href":"https:\/\/stmtires.com\/es\/wp-json\/wp\/v2\/product_brand?post=173419"},{"taxonomy":"product_cat","embeddable":true,"href":"https:\/\/stmtires.com\/es\/wp-json\/wp\/v2\/product_cat?post=173419"},{"taxonomy":"product_tag","embeddable":true,"href":"https:\/\/stmtires.com\/es\/wp-json\/wp\/v2\/product_tag?post=173419"}],"curies":[{"name":"wp","href":"https:\/\/api.w.org\/{rel}","templated":true}]}}