{"id":173479,"date":"2022-05-12T14:21:08","date_gmt":"2022-05-12T19:21:08","guid":{"rendered":"https:\/\/website.dev.stmtires.com\/shop\/sin categor\u00eda\/p235-60r16-dueler-h-t-684-ii\/"},"modified":"2022-05-12T14:21:08","modified_gmt":"2022-05-12T19:21:08","slug":"p235-60r16-dueler-h-t-684-ii-2","status":"publish","type":"product","link":"https:\/\/stmtires.com\/es\/shop\/tires\/p235-60r16-dueler-h-t-684-ii-2\/","title":{"rendered":"P235\/60R16 DUELER H\/T 684 II"},"content":{"rendered":"<p>Neum\u00e1tico de cami\u00f3n ligero de pasajeros para todas las estaciones. Neum\u00e1tico de equipo original (OE) en veh\u00edculos seleccionados.<\/p>\n","protected":false},"excerpt":{"rendered":"<p>Neum\u00e1tico de cami\u00f3n ligero de pasajeros para todas las estaciones. Neum\u00e1tico de equipo original (OE) en veh\u00edculos seleccionados.<\/p>\n","protected":false},"featured_media":0,"comment_status":"open","ping_status":"closed","template":"","meta":{"_acf_changed":false,"subheading":[]},"product_model":[25743],"product_brand":[],"product_cat":[19253],"product_tag":[],"class_list":{"0":"post-173479","1":"product","2":"type-product","3":"status-publish","5":"product_model-dueler-h-t-684-ii-es","6":"product_cat-uncategorized","8":"first","9":"instock","10":"shipping-taxable","11":"purchasable","12":"product-type-simple"},"acf":[],"_links":{"self":[{"href":"https:\/\/stmtires.com\/es\/wp-json\/wp\/v2\/product\/173479","targetHints":{"allow":["GET"]}}],"collection":[{"href":"https:\/\/stmtires.com\/es\/wp-json\/wp\/v2\/product"}],"about":[{"href":"https:\/\/stmtires.com\/es\/wp-json\/wp\/v2\/types\/product"}],"replies":[{"embeddable":true,"href":"https:\/\/stmtires.com\/es\/wp-json\/wp\/v2\/comments?post=173479"}],"wp:attachment":[{"href":"https:\/\/stmtires.com\/es\/wp-json\/wp\/v2\/media?parent=173479"}],"wp:term":[{"taxonomy":"product_model","embeddable":true,"href":"https:\/\/stmtires.com\/es\/wp-json\/wp\/v2\/product_model?post=173479"},{"taxonomy":"product_brand","embeddable":true,"href":"https:\/\/stmtires.com\/es\/wp-json\/wp\/v2\/product_brand?post=173479"},{"taxonomy":"product_cat","embeddable":true,"href":"https:\/\/stmtires.com\/es\/wp-json\/wp\/v2\/product_cat?post=173479"},{"taxonomy":"product_tag","embeddable":true,"href":"https:\/\/stmtires.com\/es\/wp-json\/wp\/v2\/product_tag?post=173479"}],"curies":[{"name":"wp","href":"https:\/\/api.w.org\/{rel}","templated":true}]}}