{"id":173595,"date":"2022-05-12T16:03:42","date_gmt":"2022-05-12T21:03:42","guid":{"rendered":"https:\/\/website.dev.stmtires.com\/shop\/sin categor\u00eda\/p235-55r18-blizzak-lm-60-run-plano\/"},"modified":"2022-06-08T01:40:25","modified_gmt":"2022-06-08T06:40:25","slug":"p235-55r18-blizzak-lm-60-run-flat-2","status":"publish","type":"product","link":"https:\/\/stmtires.com\/es\/shop\/bridgestone-es\/p235-55r18-blizzak-lm-60-run-flat-2\/","title":{"rendered":"P235\/55R18 BLIZZAK LM-60 RUN PLANO"},"content":{"rendered":"<p>Neum\u00e1tico winter Performance Passenger Car. Tecnolog\u00eda Run Flat disponible en tama\u00f1os seleccionados.<\/p>\n","protected":false},"excerpt":{"rendered":"<p>Neum\u00e1tico winter Performance Passenger Car. Tecnolog\u00eda Run Flat disponible en tama\u00f1os seleccionados.<\/p>\n","protected":false},"featured_media":0,"comment_status":"open","ping_status":"closed","template":"","meta":{"_acf_changed":false,"subheading":[]},"product_model":[25896],"product_brand":[],"product_cat":[19265,19253,16242],"product_tag":[],"class_list":{"0":"post-173595","1":"product","2":"type-product","3":"status-publish","5":"product_model-blizzak-lm-60-es","6":"product_cat-invierno","7":"product_cat-uncategorized","8":"product_cat-winter","9":"pa_tire-size-235-55r18-es","11":"first","12":"instock","13":"shipping-taxable","14":"purchasable","15":"product-type-simple"},"acf":[],"_links":{"self":[{"href":"https:\/\/stmtires.com\/es\/wp-json\/wp\/v2\/product\/173595","targetHints":{"allow":["GET"]}}],"collection":[{"href":"https:\/\/stmtires.com\/es\/wp-json\/wp\/v2\/product"}],"about":[{"href":"https:\/\/stmtires.com\/es\/wp-json\/wp\/v2\/types\/product"}],"replies":[{"embeddable":true,"href":"https:\/\/stmtires.com\/es\/wp-json\/wp\/v2\/comments?post=173595"}],"wp:attachment":[{"href":"https:\/\/stmtires.com\/es\/wp-json\/wp\/v2\/media?parent=173595"}],"wp:term":[{"taxonomy":"product_model","embeddable":true,"href":"https:\/\/stmtires.com\/es\/wp-json\/wp\/v2\/product_model?post=173595"},{"taxonomy":"product_brand","embeddable":true,"href":"https:\/\/stmtires.com\/es\/wp-json\/wp\/v2\/product_brand?post=173595"},{"taxonomy":"product_cat","embeddable":true,"href":"https:\/\/stmtires.com\/es\/wp-json\/wp\/v2\/product_cat?post=173595"},{"taxonomy":"product_tag","embeddable":true,"href":"https:\/\/stmtires.com\/es\/wp-json\/wp\/v2\/product_tag?post=173595"}],"curies":[{"name":"wp","href":"https:\/\/api.w.org\/{rel}","templated":true}]}}