{"id":173624,"date":"2022-05-12T13:11:27","date_gmt":"2022-05-12T18:11:27","guid":{"rendered":"https:\/\/website.dev.stmtires.com\/shop\/sin categor\u00eda\/p235-55r17-g-max-justicia\/"},"modified":"2022-05-12T13:11:27","modified_gmt":"2022-05-12T18:11:27","slug":"p235-55r17-g-max-justicia","status":"publish","type":"product","link":"https:\/\/stmtires.com\/es\/shop\/general-es\/p235-55r17-g-max-justicia\/","title":{"rendered":"P235\/55R17 G-MAX JUSTICIA"},"content":{"rendered":"<p>Neum\u00e1tico de turismo de rendimiento para todas las estaciones dise\u00f1ado para flotas de aplicaci\u00f3n de la ley y aplicaciones de persecuci\u00f3n de alta velocidad.<\/p>\n","protected":false},"excerpt":{"rendered":"<p>Neum\u00e1tico de turismo de rendimiento para todas las estaciones dise\u00f1ado para flotas de aplicaci\u00f3n de la ley y aplicaciones de persecuci\u00f3n de alta velocidad.<\/p>\n","protected":false},"featured_media":0,"comment_status":"open","ping_status":"closed","template":"","meta":{"_acf_changed":false,"subheading":[]},"product_model":[25673],"product_brand":[15741],"product_cat":[19253],"product_tag":[],"class_list":{"0":"post-173624","1":"product","2":"type-product","3":"status-publish","5":"product_model-g-max-justice-es","6":"product_brand-general-es","7":"product_cat-uncategorized","8":"pa_tire-size-235-55r17-es","10":"first","11":"instock","12":"shipping-taxable","13":"purchasable","14":"product-type-simple"},"acf":[],"_links":{"self":[{"href":"https:\/\/stmtires.com\/es\/wp-json\/wp\/v2\/product\/173624","targetHints":{"allow":["GET"]}}],"collection":[{"href":"https:\/\/stmtires.com\/es\/wp-json\/wp\/v2\/product"}],"about":[{"href":"https:\/\/stmtires.com\/es\/wp-json\/wp\/v2\/types\/product"}],"replies":[{"embeddable":true,"href":"https:\/\/stmtires.com\/es\/wp-json\/wp\/v2\/comments?post=173624"}],"wp:attachment":[{"href":"https:\/\/stmtires.com\/es\/wp-json\/wp\/v2\/media?parent=173624"}],"wp:term":[{"taxonomy":"product_model","embeddable":true,"href":"https:\/\/stmtires.com\/es\/wp-json\/wp\/v2\/product_model?post=173624"},{"taxonomy":"product_brand","embeddable":true,"href":"https:\/\/stmtires.com\/es\/wp-json\/wp\/v2\/product_brand?post=173624"},{"taxonomy":"product_cat","embeddable":true,"href":"https:\/\/stmtires.com\/es\/wp-json\/wp\/v2\/product_cat?post=173624"},{"taxonomy":"product_tag","embeddable":true,"href":"https:\/\/stmtires.com\/es\/wp-json\/wp\/v2\/product_tag?post=173624"}],"curies":[{"name":"wp","href":"https:\/\/api.w.org\/{rel}","templated":true}]}}