{"id":173661,"date":"2022-05-12T11:45:36","date_gmt":"2022-05-12T16:45:36","guid":{"rendered":"https:\/\/website.dev.stmtires.com\/shop\/sin categor\u00eda\/11r24-5-h-xda5\/"},"modified":"2022-05-12T11:45:36","modified_gmt":"2022-05-12T16:45:36","slug":"11r24-5-h-xda5-2","status":"publish","type":"product","link":"https:\/\/stmtires.com\/es\/shop\/michelin-es\/11r24-5-h-xda5-2\/","title":{"rendered":"11R24.5 H XDA5+"},"content":{"rendered":"<p>Cami\u00f3n\/Autob\u00fas Comercial. Neum\u00e1tico de accionamiento de cami\u00f3n de servicio mediano con caracter\u00edsticas regeneradoras de la banda de rodadura que ofrecen una excelente tracci\u00f3n al final de su vida \u00fatil para aplicaciones de transporte en l\u00ednea.<\/p>\n","protected":false},"excerpt":{"rendered":"<p>Cami\u00f3n\/Autob\u00fas Comercial. Neum\u00e1tico de accionamiento de cami\u00f3n de servicio mediano con caracter\u00edsticas regeneradoras de la banda de rodadura que ofrecen una excelente tracci\u00f3n al final de su vida \u00fatil para aplicaciones de transporte en l\u00ednea.<\/p>\n","protected":false},"featured_media":0,"comment_status":"open","ping_status":"closed","template":"","meta":{"_acf_changed":false,"subheading":[]},"product_model":[25612],"product_brand":[15734],"product_cat":[19288,19253],"product_tag":[],"class_list":{"0":"post-173661","1":"product","2":"type-product","3":"status-publish","5":"product_model-xda5-2-es","6":"product_brand-michelin-es","7":"product_cat-conducir","8":"product_cat-uncategorized","9":"pa_tire-size-11r24-5-es","11":"first","12":"instock","13":"shipping-taxable","14":"purchasable","15":"product-type-simple"},"acf":[],"_links":{"self":[{"href":"https:\/\/stmtires.com\/es\/wp-json\/wp\/v2\/product\/173661","targetHints":{"allow":["GET"]}}],"collection":[{"href":"https:\/\/stmtires.com\/es\/wp-json\/wp\/v2\/product"}],"about":[{"href":"https:\/\/stmtires.com\/es\/wp-json\/wp\/v2\/types\/product"}],"replies":[{"embeddable":true,"href":"https:\/\/stmtires.com\/es\/wp-json\/wp\/v2\/comments?post=173661"}],"wp:attachment":[{"href":"https:\/\/stmtires.com\/es\/wp-json\/wp\/v2\/media?parent=173661"}],"wp:term":[{"taxonomy":"product_model","embeddable":true,"href":"https:\/\/stmtires.com\/es\/wp-json\/wp\/v2\/product_model?post=173661"},{"taxonomy":"product_brand","embeddable":true,"href":"https:\/\/stmtires.com\/es\/wp-json\/wp\/v2\/product_brand?post=173661"},{"taxonomy":"product_cat","embeddable":true,"href":"https:\/\/stmtires.com\/es\/wp-json\/wp\/v2\/product_cat?post=173661"},{"taxonomy":"product_tag","embeddable":true,"href":"https:\/\/stmtires.com\/es\/wp-json\/wp\/v2\/product_tag?post=173661"}],"curies":[{"name":"wp","href":"https:\/\/api.w.org\/{rel}","templated":true}]}}