{"id":173662,"date":"2022-05-12T10:14:17","date_gmt":"2022-05-12T15:14:17","guid":{"rendered":"https:\/\/website.dev.stmtires.com\/shop\/sin categor\u00eda\/p235-55r17-energia-mxv4-s8\/"},"modified":"2022-05-12T10:14:17","modified_gmt":"2022-05-12T15:14:17","slug":"p235-55r17-energia-mxv4-s8","status":"publish","type":"product","link":"https:\/\/stmtires.com\/es\/shop\/tires\/p235-55r17-energia-mxv4-s8\/","title":{"rendered":"P235\/55R17 ENERG\u00cdA MXV4 S8"},"content":{"rendered":"<p>Neum\u00e1tico de turismo de alto rendimiento para todo tipo de temporada. Equipo original en veh\u00edculos de turismo como Honda Accord, Toyota Camry y Volvo S40.<\/p>\n","protected":false},"excerpt":{"rendered":"<p>Neum\u00e1tico de turismo de alto rendimiento para todo tipo de temporada. Equipo original en veh\u00edculos de turismo como Honda Accord, Toyota Camry y Volvo S40.<\/p>\n","protected":false},"featured_media":106281,"comment_status":"open","ping_status":"closed","template":"","meta":{"_acf_changed":false,"subheading":[]},"product_model":[25255],"product_brand":[],"product_cat":[19253],"product_tag":[],"class_list":{"0":"post-173662","1":"product","2":"type-product","3":"status-publish","4":"has-post-thumbnail","6":"product_model-energy-mxv4-s8-es","7":"product_cat-uncategorized","9":"first","10":"instock","11":"shipping-taxable","12":"purchasable","13":"product-type-simple"},"acf":[],"_links":{"self":[{"href":"https:\/\/stmtires.com\/es\/wp-json\/wp\/v2\/product\/173662","targetHints":{"allow":["GET"]}}],"collection":[{"href":"https:\/\/stmtires.com\/es\/wp-json\/wp\/v2\/product"}],"about":[{"href":"https:\/\/stmtires.com\/es\/wp-json\/wp\/v2\/types\/product"}],"replies":[{"embeddable":true,"href":"https:\/\/stmtires.com\/es\/wp-json\/wp\/v2\/comments?post=173662"}],"wp:featuredmedia":[{"embeddable":true,"href":"https:\/\/stmtires.com\/es\/wp-json\/wp\/v2\/media\/106281"}],"wp:attachment":[{"href":"https:\/\/stmtires.com\/es\/wp-json\/wp\/v2\/media?parent=173662"}],"wp:term":[{"taxonomy":"product_model","embeddable":true,"href":"https:\/\/stmtires.com\/es\/wp-json\/wp\/v2\/product_model?post=173662"},{"taxonomy":"product_brand","embeddable":true,"href":"https:\/\/stmtires.com\/es\/wp-json\/wp\/v2\/product_brand?post=173662"},{"taxonomy":"product_cat","embeddable":true,"href":"https:\/\/stmtires.com\/es\/wp-json\/wp\/v2\/product_cat?post=173662"},{"taxonomy":"product_tag","embeddable":true,"href":"https:\/\/stmtires.com\/es\/wp-json\/wp\/v2\/product_tag?post=173662"}],"curies":[{"name":"wp","href":"https:\/\/api.w.org\/{rel}","templated":true}]}}