{"id":173741,"date":"2022-05-12T10:15:37","date_gmt":"2022-05-12T15:15:37","guid":{"rendered":"https:\/\/website.dev.stmtires.com\/shop\/sin categor\u00eda\/p235-50r17-firehawk-lh\/"},"modified":"2022-05-12T10:15:37","modified_gmt":"2022-05-12T15:15:37","slug":"p235-50r17-firehawk-lh-2","status":"publish","type":"product","link":"https:\/\/stmtires.com\/es\/shop\/tires\/p235-50r17-firehawk-lh-2\/","title":{"rendered":"P235\/50R17 FIREHAWK LH"},"content":{"rendered":"<p>Neum\u00e1tico de turismo. Equipo original (OE) en veh\u00edculos seleccionados. Consulte Tama\u00f1os y especificaciones para accesorios de equipos originales.  <\/p>\n","protected":false},"excerpt":{"rendered":"<p>Neum\u00e1tico de turismo. Equipo original (OE) en veh\u00edculos seleccionados. Consulte Tama\u00f1os y especificaciones para accesorios de equipos originales.<\/p>\n","protected":false},"featured_media":106830,"comment_status":"open","ping_status":"closed","template":"","meta":{"_acf_changed":false,"subheading":[]},"product_model":[25440],"product_brand":[],"product_cat":[19253],"product_tag":[],"class_list":{"0":"post-173741","1":"product","2":"type-product","3":"status-publish","4":"has-post-thumbnail","6":"product_model-firehawk-lh-es","7":"product_cat-uncategorized","9":"first","10":"instock","11":"shipping-taxable","12":"purchasable","13":"product-type-simple"},"acf":[],"_links":{"self":[{"href":"https:\/\/stmtires.com\/es\/wp-json\/wp\/v2\/product\/173741","targetHints":{"allow":["GET"]}}],"collection":[{"href":"https:\/\/stmtires.com\/es\/wp-json\/wp\/v2\/product"}],"about":[{"href":"https:\/\/stmtires.com\/es\/wp-json\/wp\/v2\/types\/product"}],"replies":[{"embeddable":true,"href":"https:\/\/stmtires.com\/es\/wp-json\/wp\/v2\/comments?post=173741"}],"wp:featuredmedia":[{"embeddable":true,"href":"https:\/\/stmtires.com\/es\/wp-json\/wp\/v2\/media\/106830"}],"wp:attachment":[{"href":"https:\/\/stmtires.com\/es\/wp-json\/wp\/v2\/media?parent=173741"}],"wp:term":[{"taxonomy":"product_model","embeddable":true,"href":"https:\/\/stmtires.com\/es\/wp-json\/wp\/v2\/product_model?post=173741"},{"taxonomy":"product_brand","embeddable":true,"href":"https:\/\/stmtires.com\/es\/wp-json\/wp\/v2\/product_brand?post=173741"},{"taxonomy":"product_cat","embeddable":true,"href":"https:\/\/stmtires.com\/es\/wp-json\/wp\/v2\/product_cat?post=173741"},{"taxonomy":"product_tag","embeddable":true,"href":"https:\/\/stmtires.com\/es\/wp-json\/wp\/v2\/product_tag?post=173741"}],"curies":[{"name":"wp","href":"https:\/\/api.w.org\/{rel}","templated":true}]}}