{"id":173817,"date":"2022-05-12T11:46:03","date_gmt":"2022-05-12T16:46:03","guid":{"rendered":"https:\/\/website.dev.stmtires.com\/shop\/sin categor\u00eda\/p225-75r16-campo-abierto-a-t-ii\/"},"modified":"2022-05-12T11:46:03","modified_gmt":"2022-05-12T16:46:03","slug":"p225-75r16-open-country-a-t-ii-2","status":"publish","type":"product","link":"https:\/\/stmtires.com\/es\/shop\/toyo-es\/p225-75r16-open-country-a-t-ii-2\/","title":{"rendered":"P225\/75R16 CAMPO ABIERTO A\/T II"},"content":{"rendered":"<p>Neum\u00e1tico todoterreno para camiones ligeros \/ SUV para pasajeros todo terreno para todas las estaciones disponible con tres dise\u00f1os de hombros distintos. Equipo original de ciertos tama\u00f1os en veh\u00edculos seleccionados<\/p>\n","protected":false},"excerpt":{"rendered":"<p>Neum\u00e1tico todoterreno para camiones ligeros \/ SUV para pasajeros todo terreno para todas las estaciones disponible con tres dise\u00f1os de hombros distintos. Equipo original de ciertos tama\u00f1os en veh\u00edculos seleccionados<\/p>\n","protected":false},"featured_media":0,"comment_status":"open","ping_status":"closed","template":"","meta":{"_acf_changed":false,"subheading":[]},"product_model":[25613],"product_brand":[15760],"product_cat":[16246,19241,19242,25986,19259,19253],"product_tag":[],"class_list":{"0":"post-173817","1":"product","2":"type-product","3":"status-publish","5":"product_model-open-country-a-t-ii-es","6":"product_brand-toyo-es","7":"product_cat-all-terrain-a-t","8":"product_cat-camion-ligero-de-pasajeros-suv","9":"product_cat-equipo-original-oe","10":"product_cat-luz-de-pasajero","11":"product_cat-todo-terreno-a-t","12":"product_cat-uncategorized","13":"pa_tire-size-225-75r16-es","15":"first","16":"instock","17":"shipping-taxable","18":"purchasable","19":"product-type-simple"},"acf":[],"_links":{"self":[{"href":"https:\/\/stmtires.com\/es\/wp-json\/wp\/v2\/product\/173817","targetHints":{"allow":["GET"]}}],"collection":[{"href":"https:\/\/stmtires.com\/es\/wp-json\/wp\/v2\/product"}],"about":[{"href":"https:\/\/stmtires.com\/es\/wp-json\/wp\/v2\/types\/product"}],"replies":[{"embeddable":true,"href":"https:\/\/stmtires.com\/es\/wp-json\/wp\/v2\/comments?post=173817"}],"wp:attachment":[{"href":"https:\/\/stmtires.com\/es\/wp-json\/wp\/v2\/media?parent=173817"}],"wp:term":[{"taxonomy":"product_model","embeddable":true,"href":"https:\/\/stmtires.com\/es\/wp-json\/wp\/v2\/product_model?post=173817"},{"taxonomy":"product_brand","embeddable":true,"href":"https:\/\/stmtires.com\/es\/wp-json\/wp\/v2\/product_brand?post=173817"},{"taxonomy":"product_cat","embeddable":true,"href":"https:\/\/stmtires.com\/es\/wp-json\/wp\/v2\/product_cat?post=173817"},{"taxonomy":"product_tag","embeddable":true,"href":"https:\/\/stmtires.com\/es\/wp-json\/wp\/v2\/product_tag?post=173817"}],"curies":[{"name":"wp","href":"https:\/\/api.w.org\/{rel}","templated":true}]}}